{"id":6205,"date":"2024-03-04T09:26:46","date_gmt":"2024-03-04T09:26:46","guid":{"rendered":"https:\/\/yourplastics.es\/producto\/subestructura-per-a-passarelles\/"},"modified":"2024-03-12T09:59:12","modified_gmt":"2024-03-12T09:59:12","slug":"subestructura-per-a-passarelles","status":"publish","type":"product","link":"https:\/\/yourplastics.es\/ca\/producto\/subestructura-per-a-passarelles\/","title":{"rendered":"Subestructura per a passarel\u00b7les"},"content":{"rendered":"<ul>\n<li>Llarg: 98 cm<\/li>\n<li>Mida del perfil: 23,5 x 23,5 cm<\/li>\n<li>El perfecte muntatge<\/li>\n<li>F\u00e0cil d&#8217;armar<\/li>\n<li>Senzillament intel\u00b7ligent<\/li>\n<\/ul>\n<p>Les unitats d&#8217;embalatge nom\u00e9s serveixen per orientaci\u00f3. No s\u00f3n quantitats m\u00ednimes a demanar.<\/p>\n<div class=\"content--tabcontainer1\">\n<div id=\"tabcontainer1\" class=\"tabcontainer1\">\n<p>Els llistons s&#8217;han d&#8217;instal\u00b7lar a la superf\u00edcie amb una dist\u00e0ncia entre si d&#8217;aprox. 1,40 m. Per anivellar el terreny es poden utilitzar primerament pals rodons enterrats on es recolzaran els llistons. Despr\u00e9s es col\u00b7locaran les taules corresponents cargolades a la subestructura.<\/p>\n<div class=\"table--section-header content--title\"><strong>Caracter\u00edstiques<\/strong><\/div>\n<table style=\"height: 232px;\" width=\"443\">\n<tbody>\n<tr>\n<td class=\"product--attribute\">Selecci\u00f3<\/td>\n<td class=\"product--attribute\">23,5 x 23,5 cm<\/td>\n<\/tr>\n<tr>\n<td class=\"product--attribute\">Qualitat (Material)<\/td>\n<td class=\"product--attribute\">hanit<sup>\u00ae<\/sup><\/td>\n<\/tr>\n<tr>\n<td class=\"product--attribute\">Color<\/td>\n<td class=\"product--attribute\">marr\u00f3<\/td>\n<\/tr>\n<tr>\n<td class=\"product--attribute\">Llarg<\/td>\n<td class=\"product--attribute\">98 cm<\/td>\n<\/tr>\n<tr>\n<td class=\"product--attribute\">Ample<\/td>\n<td class=\"product--attribute\">23,5 cm<\/td>\n<\/tr>\n<tr>\n<td class=\"product--attribute\">Gruix<\/td>\n<td class=\"product--attribute\">23,5 cm<\/td>\n<\/tr>\n<tr>\n<td class=\"product--attribute\">Pes<\/td>\n<td class=\"product--attribute\">25,5 kg<\/td>\n<\/tr>\n<tr>\n<td class=\"product--attribute\">Pe\u00e7a per palet<\/td>\n<td class=\"product--attribute\">20<\/td>\n<\/tr>\n<\/tbody>\n<\/table>\n<\/div>\n<p>&nbsp;<\/p>\n<div id=\"tabcontainer1\" class=\"tabcontainer1\">\n<p><img decoding=\"async\" id=\"tinymce-editor-image-84b313c1-d685-4625-90fe-470d5b821bb1\" class=\"lazyload tinymce-editor-image tinymce-editor-image-84b313c1-d685-4625-90fe-470d5b821bb1\" src=\"data:image\/gif;base64,R0lGODlhAQABAAAAACH5BAEKAAEALAAAAAABAAEAAAICTAEAOw==\" data-orig-src=\"https:\/\/www.hahnkunststoffe.de\/media\/image\/71\/1d\/75\/TB235235_Stegbohlentraverse_Schema_ES.jpg\" alt=\"TB235235_Stegbohlentraverse_Schema_ES\" width=\"400\" data-src=\"media\/image\/TB235235_Stegbohlentraverse_Schema_ES.jpg\"><\/p>\n<\/div>\n<\/div>\n","protected":false},"excerpt":{"rendered":"<div class=\"content--title\">Informaci\u00f3 del producte &#8220;Subestructura per a passarel\u00b7les&#8221;<\/div>\n<div class=\"product--description\">\n<p>Perqu\u00e8 el nostre tauler estriat s&#8217;instal\u00b7li de forma \u00f2ptima, cal una subestructura excel\u00b7lent. D&#8217;aquest tema tamb\u00e9 ens preocupem: el nostre sistema de llistons hanit<sup>\u00ae<\/sup>. Aquests juntament amb els nostres pals rodons poden col\u00b7locar-se en qualsevol tipus de terreny no importa el desnivell que sigui. Les passarel\u00b7les quedaran sempre perfectes.<\/p>\n<\/div>\n","protected":false},"featured_media":3632,"comment_status":"closed","ping_status":"closed","template":"","meta":[],"product_cat":[182,189],"product_tag":[],"class_list":{"0":"post-6205","1":"product","2":"type-product","3":"status-publish","4":"has-post-thumbnail","6":"product_cat-passarelles","7":"product_cat-paviments-i-cobertes","9":"first","10":"instock","11":"shipping-taxable","12":"product-type-simple"},"yoast_head":"<!-- This site is optimized with the Yoast SEO plugin v23.2 - https:\/\/yoast.com\/wordpress\/plugins\/seo\/ -->\n<title>Subestructura per a passarel\u00b7les - Yourplastics.es<\/title>\n<meta name=\"robots\" content=\"index, follow, max-snippet:-1, max-image-preview:large, max-video-preview:-1\" \/>\n<link rel=\"canonical\" href=\"https:\/\/yourplastics.es\/ca\/producto\/subestructura-per-a-passarelles\/\" \/>\n<meta property=\"og:locale\" content=\"ca_ES\" \/>\n<meta property=\"og:type\" content=\"article\" \/>\n<meta property=\"og:title\" content=\"Subestructura per a passarel\u00b7les - Yourplastics.es\" \/>\n<meta property=\"og:description\" content=\"Informaci\u00f3 del producte &quot;Subestructura per a passarel\u00b7les&quot;  Perqu\u00e8 el nostre tauler estriat s&#039;instal\u00b7li de forma \u00f2ptima, cal una subestructura excel\u00b7lent. D&#039;aquest tema tamb\u00e9 ens preocupem: el nostre sistema de llistons hanit\u00ae. Aquests juntament amb els nostres pals rodons poden col\u00b7locar-se en qualsevol tipus de terreny no importa el desnivell que sigui. Les passarel\u00b7les quedaran sempre perfectes.\" \/>\n<meta property=\"og:url\" content=\"https:\/\/yourplastics.es\/ca\/producto\/subestructura-per-a-passarelles\/\" \/>\n<meta property=\"og:site_name\" content=\"Yourplastics.es\" \/>\n<meta property=\"article:modified_time\" content=\"2024-03-12T09:59:12+00:00\" \/>\n<meta property=\"og:image\" content=\"https:\/\/yourplastics.es\/wp-content\/uploads\/2024\/03\/TB235235_Stegbohlentraverse_3D_Zusammenbau_1124.jpg\" \/>\n\t<meta property=\"og:image:width\" content=\"1600\" \/>\n\t<meta property=\"og:image:height\" content=\"741\" \/>\n\t<meta property=\"og:image:type\" content=\"image\/jpeg\" \/>\n<meta name=\"twitter:card\" content=\"summary_large_image\" \/>\n<meta name=\"twitter:label1\" content=\"Temps estimat de lectura\" \/>\n\t<meta name=\"twitter:data1\" content=\"1 minut\" \/>\n<script type=\"application\/ld+json\" class=\"yoast-schema-graph\">{\"@context\":\"https:\/\/schema.org\",\"@graph\":[{\"@type\":\"WebPage\",\"@id\":\"https:\/\/yourplastics.es\/ca\/producto\/subestructura-per-a-passarelles\/\",\"url\":\"https:\/\/yourplastics.es\/ca\/producto\/subestructura-per-a-passarelles\/\",\"name\":\"Subestructura per a passarel\u00b7les - Yourplastics.es\",\"isPartOf\":{\"@id\":\"https:\/\/yourplastics.es\/#website\"},\"primaryImageOfPage\":{\"@id\":\"https:\/\/yourplastics.es\/ca\/producto\/subestructura-per-a-passarelles\/#primaryimage\"},\"image\":{\"@id\":\"https:\/\/yourplastics.es\/ca\/producto\/subestructura-per-a-passarelles\/#primaryimage\"},\"thumbnailUrl\":\"https:\/\/yourplastics.es\/wp-content\/uploads\/2024\/03\/TB235235_Stegbohlentraverse_3D_Zusammenbau_1124.jpg\",\"datePublished\":\"2024-03-04T09:26:46+00:00\",\"dateModified\":\"2024-03-12T09:59:12+00:00\",\"breadcrumb\":{\"@id\":\"https:\/\/yourplastics.es\/ca\/producto\/subestructura-per-a-passarelles\/#breadcrumb\"},\"inLanguage\":\"ca\",\"potentialAction\":[{\"@type\":\"ReadAction\",\"target\":[\"https:\/\/yourplastics.es\/ca\/producto\/subestructura-per-a-passarelles\/\"]}]},{\"@type\":\"ImageObject\",\"inLanguage\":\"ca\",\"@id\":\"https:\/\/yourplastics.es\/ca\/producto\/subestructura-per-a-passarelles\/#primaryimage\",\"url\":\"https:\/\/yourplastics.es\/wp-content\/uploads\/2024\/03\/TB235235_Stegbohlentraverse_3D_Zusammenbau_1124.jpg\",\"contentUrl\":\"https:\/\/yourplastics.es\/wp-content\/uploads\/2024\/03\/TB235235_Stegbohlentraverse_3D_Zusammenbau_1124.jpg\",\"width\":1600,\"height\":741},{\"@type\":\"BreadcrumbList\",\"@id\":\"https:\/\/yourplastics.es\/ca\/producto\/subestructura-per-a-passarelles\/#breadcrumb\",\"itemListElement\":[{\"@type\":\"ListItem\",\"position\":1,\"name\":\"Home\",\"item\":\"https:\/\/yourplastics.es\/ca\/\"},{\"@type\":\"ListItem\",\"position\":2,\"name\":\"Botiga\",\"item\":\"https:\/\/yourplastics.es\/ca\/tienda-2\/\"},{\"@type\":\"ListItem\",\"position\":3,\"name\":\"Subestructura per a passarel\u00b7les\"}]},{\"@type\":\"WebSite\",\"@id\":\"https:\/\/yourplastics.es\/#website\",\"url\":\"https:\/\/yourplastics.es\/\",\"name\":\"Yourplastics\",\"description\":\"\",\"publisher\":{\"@id\":\"https:\/\/yourplastics.es\/#organization\"},\"potentialAction\":[{\"@type\":\"SearchAction\",\"target\":{\"@type\":\"EntryPoint\",\"urlTemplate\":\"https:\/\/yourplastics.es\/?s={search_term_string}\"},\"query-input\":\"required name=search_term_string\"}],\"inLanguage\":\"ca\"},{\"@type\":\"Organization\",\"@id\":\"https:\/\/yourplastics.es\/#organization\",\"name\":\"Yourplastics\",\"url\":\"https:\/\/yourplastics.es\/\",\"logo\":{\"@type\":\"ImageObject\",\"inLanguage\":\"ca\",\"@id\":\"https:\/\/yourplastics.es\/#\/schema\/logo\/image\/\",\"url\":\"https:\/\/yourplastics.es\/wp-content\/uploads\/2024\/08\/logo2-400x163-1.png\",\"contentUrl\":\"https:\/\/yourplastics.es\/wp-content\/uploads\/2024\/08\/logo2-400x163-1.png\",\"width\":400,\"height\":163,\"caption\":\"Yourplastics\"},\"image\":{\"@id\":\"https:\/\/yourplastics.es\/#\/schema\/logo\/image\/\"}}]}<\/script>\n<!-- \/ Yoast SEO plugin. -->","yoast_head_json":{"title":"Subestructura per a passarel\u00b7les - Yourplastics.es","robots":{"index":"index","follow":"follow","max-snippet":"max-snippet:-1","max-image-preview":"max-image-preview:large","max-video-preview":"max-video-preview:-1"},"canonical":"https:\/\/yourplastics.es\/ca\/producto\/subestructura-per-a-passarelles\/","og_locale":"ca_ES","og_type":"article","og_title":"Subestructura per a passarel\u00b7les - Yourplastics.es","og_description":"Informaci\u00f3 del producte \"Subestructura per a passarel\u00b7les\"  Perqu\u00e8 el nostre tauler estriat s'instal\u00b7li de forma \u00f2ptima, cal una subestructura excel\u00b7lent. D'aquest tema tamb\u00e9 ens preocupem: el nostre sistema de llistons hanit\u00ae. Aquests juntament amb els nostres pals rodons poden col\u00b7locar-se en qualsevol tipus de terreny no importa el desnivell que sigui. Les passarel\u00b7les quedaran sempre perfectes.","og_url":"https:\/\/yourplastics.es\/ca\/producto\/subestructura-per-a-passarelles\/","og_site_name":"Yourplastics.es","article_modified_time":"2024-03-12T09:59:12+00:00","og_image":[{"width":1600,"height":741,"url":"https:\/\/yourplastics.es\/wp-content\/uploads\/2024\/03\/TB235235_Stegbohlentraverse_3D_Zusammenbau_1124.jpg","type":"image\/jpeg"}],"twitter_card":"summary_large_image","twitter_misc":{"Temps estimat de lectura":"1 minut"},"schema":{"@context":"https:\/\/schema.org","@graph":[{"@type":"WebPage","@id":"https:\/\/yourplastics.es\/ca\/producto\/subestructura-per-a-passarelles\/","url":"https:\/\/yourplastics.es\/ca\/producto\/subestructura-per-a-passarelles\/","name":"Subestructura per a passarel\u00b7les - Yourplastics.es","isPartOf":{"@id":"https:\/\/yourplastics.es\/#website"},"primaryImageOfPage":{"@id":"https:\/\/yourplastics.es\/ca\/producto\/subestructura-per-a-passarelles\/#primaryimage"},"image":{"@id":"https:\/\/yourplastics.es\/ca\/producto\/subestructura-per-a-passarelles\/#primaryimage"},"thumbnailUrl":"https:\/\/yourplastics.es\/wp-content\/uploads\/2024\/03\/TB235235_Stegbohlentraverse_3D_Zusammenbau_1124.jpg","datePublished":"2024-03-04T09:26:46+00:00","dateModified":"2024-03-12T09:59:12+00:00","breadcrumb":{"@id":"https:\/\/yourplastics.es\/ca\/producto\/subestructura-per-a-passarelles\/#breadcrumb"},"inLanguage":"ca","potentialAction":[{"@type":"ReadAction","target":["https:\/\/yourplastics.es\/ca\/producto\/subestructura-per-a-passarelles\/"]}]},{"@type":"ImageObject","inLanguage":"ca","@id":"https:\/\/yourplastics.es\/ca\/producto\/subestructura-per-a-passarelles\/#primaryimage","url":"https:\/\/yourplastics.es\/wp-content\/uploads\/2024\/03\/TB235235_Stegbohlentraverse_3D_Zusammenbau_1124.jpg","contentUrl":"https:\/\/yourplastics.es\/wp-content\/uploads\/2024\/03\/TB235235_Stegbohlentraverse_3D_Zusammenbau_1124.jpg","width":1600,"height":741},{"@type":"BreadcrumbList","@id":"https:\/\/yourplastics.es\/ca\/producto\/subestructura-per-a-passarelles\/#breadcrumb","itemListElement":[{"@type":"ListItem","position":1,"name":"Home","item":"https:\/\/yourplastics.es\/ca\/"},{"@type":"ListItem","position":2,"name":"Botiga","item":"https:\/\/yourplastics.es\/ca\/tienda-2\/"},{"@type":"ListItem","position":3,"name":"Subestructura per a passarel\u00b7les"}]},{"@type":"WebSite","@id":"https:\/\/yourplastics.es\/#website","url":"https:\/\/yourplastics.es\/","name":"Yourplastics","description":"","publisher":{"@id":"https:\/\/yourplastics.es\/#organization"},"potentialAction":[{"@type":"SearchAction","target":{"@type":"EntryPoint","urlTemplate":"https:\/\/yourplastics.es\/?s={search_term_string}"},"query-input":"required name=search_term_string"}],"inLanguage":"ca"},{"@type":"Organization","@id":"https:\/\/yourplastics.es\/#organization","name":"Yourplastics","url":"https:\/\/yourplastics.es\/","logo":{"@type":"ImageObject","inLanguage":"ca","@id":"https:\/\/yourplastics.es\/#\/schema\/logo\/image\/","url":"https:\/\/yourplastics.es\/wp-content\/uploads\/2024\/08\/logo2-400x163-1.png","contentUrl":"https:\/\/yourplastics.es\/wp-content\/uploads\/2024\/08\/logo2-400x163-1.png","width":400,"height":163,"caption":"Yourplastics"},"image":{"@id":"https:\/\/yourplastics.es\/#\/schema\/logo\/image\/"}}]}},"_links":{"self":[{"href":"https:\/\/yourplastics.es\/ca\/wp-json\/wp\/v2\/product\/6205","targetHints":{"allow":["GET"]}}],"collection":[{"href":"https:\/\/yourplastics.es\/ca\/wp-json\/wp\/v2\/product"}],"about":[{"href":"https:\/\/yourplastics.es\/ca\/wp-json\/wp\/v2\/types\/product"}],"replies":[{"embeddable":true,"href":"https:\/\/yourplastics.es\/ca\/wp-json\/wp\/v2\/comments?post=6205"}],"wp:featuredmedia":[{"embeddable":true,"href":"https:\/\/yourplastics.es\/ca\/wp-json\/wp\/v2\/media\/3632"}],"wp:attachment":[{"href":"https:\/\/yourplastics.es\/ca\/wp-json\/wp\/v2\/media?parent=6205"}],"wp:term":[{"taxonomy":"product_cat","embeddable":true,"href":"https:\/\/yourplastics.es\/ca\/wp-json\/wp\/v2\/product_cat?post=6205"},{"taxonomy":"product_tag","embeddable":true,"href":"https:\/\/yourplastics.es\/ca\/wp-json\/wp\/v2\/product_tag?post=6205"}],"curies":[{"name":"wp","href":"https:\/\/api.w.org\/{rel}","templated":true}]}}