{"id":6204,"date":"2024-03-04T09:27:11","date_gmt":"2024-03-04T09:27:11","guid":{"rendered":"https:\/\/yourplastics.es\/producto\/passarella-encaixable\/"},"modified":"2024-08-26T12:04:19","modified_gmt":"2024-08-26T12:04:19","slug":"passarella-encaixable","status":"publish","type":"product","link":"https:\/\/yourplastics.es\/ca\/producto\/passarella-encaixable\/","title":{"rendered":"Passarel\u00b7la Encaixable"},"content":{"rendered":"<ul>\n<li>Amples: 80 cm, 100 cm y 120 cm<\/li>\n<li>Pes: 29,0 kg, 34,9 kg y 40,8 kg<\/li>\n<li>Llarg per unitat: 100 cm<\/li>\n<li>F\u00e0cil instal\u00b7laci\u00f3 i desarmat<\/li>\n<li>Perfecte per a usos temporals<\/li>\n<\/ul>\n<p>Les unitats d&#8217;embalatge nom\u00e9s serveixen per orientaci\u00f3. No s\u00f3n quantitats m\u00ednimes a demanar.<\/p>\n<h3 data-fontsize=\"20\" data-lineheight=\"29\">Informaci\u00f3 addicional<\/h3>\n<table class=\"woocommerce-product-attributes shop_attributes\">\n<tbody>\n<tr class=\"woocommerce-product-attributes-item woocommerce-product-attributes-item--attribute_color\">\n<th class=\"woocommerce-product-attributes-item__label\">Color<\/th>\n<td class=\"woocommerce-product-attributes-item__value\">gris, marr\u00f3<\/td>\n<\/tr>\n<tr class=\"woocommerce-product-attributes-item woocommerce-product-attributes-item--attribute_amplada\">\n<th class=\"woocommerce-product-attributes-item__label\">Amplada<\/th>\n<td class=\"woocommerce-product-attributes-item__value\">80 cm, 100 cm, 120 cm<\/td>\n<\/tr>\n<\/tbody>\n<\/table>\n","protected":false},"excerpt":{"rendered":"<div class=\"content--title\">Informaci\u00f3 del producte &#8220;Passarel\u00b7la Encaixable&#8221;<\/div>\n<div class=\"product--description\">\n<p>En lloc de molts components cargolats entre si, vost\u00e8 t\u00e9 una \u00fanica pe\u00e7a completa i acabada, que pot ser instal\u00b7lada r\u00e0pida i f\u00e0cilment. La soluci\u00f3 ideal per a les passarel\u00b7les de platja i jard\u00ed. Metro per metre es munten &#8211; i es treuen quan sigui necessari. Gr\u00e0cies al seu simple sistema d&#8217;encaix, aquest element \u00e9s l&#8217;indicat per al seu \u00fas temporal , per exemple, en els canvis estacionals.<\/p>\n<\/div>\n","protected":false},"featured_media":3637,"comment_status":"closed","ping_status":"closed","template":"","meta":[],"product_cat":[182,189],"product_tag":[],"class_list":{"0":"post-6204","1":"product","2":"type-product","3":"status-publish","4":"has-post-thumbnail","6":"product_cat-passarelles","7":"product_cat-paviments-i-cobertes","9":"first","10":"instock","11":"featured","12":"shipping-taxable","13":"product-type-simple"},"yoast_head":"<!-- This site is optimized with the Yoast SEO plugin v23.2 - https:\/\/yoast.com\/wordpress\/plugins\/seo\/ -->\n<title>Passarel\u00b7la Encaixable de pl\u00e0stic reciclat - Yourplastics.es<\/title>\n<meta name=\"description\" content=\"La passarel\u00b7la encaixable de YourPlastics\u24c7, \u00e9s la soluci\u00f3 ideal per a platges o jardins. F\u00e0cil de muntar i desmuntar. Soluci\u00f3 accessible i sostenible.\" \/>\n<meta name=\"robots\" content=\"index, follow, max-snippet:-1, max-image-preview:large, max-video-preview:-1\" \/>\n<link rel=\"canonical\" href=\"https:\/\/yourplastics.es\/ca\/producto\/passarella-encaixable\/\" \/>\n<meta property=\"og:locale\" content=\"ca_ES\" \/>\n<meta property=\"og:type\" content=\"article\" \/>\n<meta property=\"og:title\" content=\"Passarel\u00b7la Encaixable de pl\u00e0stic reciclat - Yourplastics.es\" \/>\n<meta property=\"og:description\" content=\"La passarel\u00b7la encaixable de YourPlastics\u24c7, \u00e9s la soluci\u00f3 ideal per a platges o jardins. F\u00e0cil de muntar i desmuntar. Soluci\u00f3 accessible i sostenible.\" \/>\n<meta property=\"og:url\" content=\"https:\/\/yourplastics.es\/ca\/producto\/passarella-encaixable\/\" \/>\n<meta property=\"og:site_name\" content=\"Yourplastics.es\" \/>\n<meta property=\"article:modified_time\" content=\"2024-08-26T12:04:19+00:00\" \/>\n<meta name=\"twitter:card\" content=\"summary_large_image\" \/>\n<meta name=\"twitter:label1\" content=\"Temps estimat de lectura\" \/>\n\t<meta name=\"twitter:data1\" content=\"1 minut\" \/>\n<script type=\"application\/ld+json\" class=\"yoast-schema-graph\">{\"@context\":\"https:\/\/schema.org\",\"@graph\":[{\"@type\":\"WebPage\",\"@id\":\"https:\/\/yourplastics.es\/ca\/producto\/passarella-encaixable\/\",\"url\":\"https:\/\/yourplastics.es\/ca\/producto\/passarella-encaixable\/\",\"name\":\"Passarel\u00b7la Encaixable de pl\u00e0stic reciclat - Yourplastics.es\",\"isPartOf\":{\"@id\":\"https:\/\/yourplastics.es\/#website\"},\"primaryImageOfPage\":{\"@id\":\"https:\/\/yourplastics.es\/ca\/producto\/passarella-encaixable\/#primaryimage\"},\"image\":{\"@id\":\"https:\/\/yourplastics.es\/ca\/producto\/passarella-encaixable\/#primaryimage\"},\"thumbnailUrl\":\"https:\/\/yourplastics.es\/wp-content\/uploads\/2024\/03\/408110_Stegbohlenelement_3D_Brown_2804.jpg\",\"datePublished\":\"2024-03-04T09:27:11+00:00\",\"dateModified\":\"2024-08-26T12:04:19+00:00\",\"description\":\"La passarel\u00b7la encaixable de YourPlastics\u24c7, \u00e9s la soluci\u00f3 ideal per a platges o jardins. F\u00e0cil de muntar i desmuntar. Soluci\u00f3 accessible i sostenible.\",\"breadcrumb\":{\"@id\":\"https:\/\/yourplastics.es\/ca\/producto\/passarella-encaixable\/#breadcrumb\"},\"inLanguage\":\"ca\",\"potentialAction\":[{\"@type\":\"ReadAction\",\"target\":[\"https:\/\/yourplastics.es\/ca\/producto\/passarella-encaixable\/\"]}]},{\"@type\":\"ImageObject\",\"inLanguage\":\"ca\",\"@id\":\"https:\/\/yourplastics.es\/ca\/producto\/passarella-encaixable\/#primaryimage\",\"url\":\"https:\/\/yourplastics.es\/wp-content\/uploads\/2024\/03\/408110_Stegbohlenelement_3D_Brown_2804.jpg\",\"contentUrl\":\"https:\/\/yourplastics.es\/wp-content\/uploads\/2024\/03\/408110_Stegbohlenelement_3D_Brown_2804.jpg\",\"width\":1600,\"height\":527},{\"@type\":\"BreadcrumbList\",\"@id\":\"https:\/\/yourplastics.es\/ca\/producto\/passarella-encaixable\/#breadcrumb\",\"itemListElement\":[{\"@type\":\"ListItem\",\"position\":1,\"name\":\"Home\",\"item\":\"https:\/\/yourplastics.es\/ca\/\"},{\"@type\":\"ListItem\",\"position\":2,\"name\":\"Botiga\",\"item\":\"https:\/\/yourplastics.es\/ca\/tienda-2\/\"},{\"@type\":\"ListItem\",\"position\":3,\"name\":\"Passarel\u00b7la Encaixable\"}]},{\"@type\":\"WebSite\",\"@id\":\"https:\/\/yourplastics.es\/#website\",\"url\":\"https:\/\/yourplastics.es\/\",\"name\":\"Yourplastics\",\"description\":\"\",\"publisher\":{\"@id\":\"https:\/\/yourplastics.es\/#organization\"},\"potentialAction\":[{\"@type\":\"SearchAction\",\"target\":{\"@type\":\"EntryPoint\",\"urlTemplate\":\"https:\/\/yourplastics.es\/?s={search_term_string}\"},\"query-input\":\"required name=search_term_string\"}],\"inLanguage\":\"ca\"},{\"@type\":\"Organization\",\"@id\":\"https:\/\/yourplastics.es\/#organization\",\"name\":\"Yourplastics\",\"url\":\"https:\/\/yourplastics.es\/\",\"logo\":{\"@type\":\"ImageObject\",\"inLanguage\":\"ca\",\"@id\":\"https:\/\/yourplastics.es\/#\/schema\/logo\/image\/\",\"url\":\"https:\/\/yourplastics.es\/wp-content\/uploads\/2024\/08\/logo2-400x163-1.png\",\"contentUrl\":\"https:\/\/yourplastics.es\/wp-content\/uploads\/2024\/08\/logo2-400x163-1.png\",\"width\":400,\"height\":163,\"caption\":\"Yourplastics\"},\"image\":{\"@id\":\"https:\/\/yourplastics.es\/#\/schema\/logo\/image\/\"}}]}<\/script>\n<!-- \/ Yoast SEO plugin. -->","yoast_head_json":{"title":"Passarel\u00b7la Encaixable de pl\u00e0stic reciclat - Yourplastics.es","description":"La passarel\u00b7la encaixable de YourPlastics\u24c7, \u00e9s la soluci\u00f3 ideal per a platges o jardins. F\u00e0cil de muntar i desmuntar. Soluci\u00f3 accessible i sostenible.","robots":{"index":"index","follow":"follow","max-snippet":"max-snippet:-1","max-image-preview":"max-image-preview:large","max-video-preview":"max-video-preview:-1"},"canonical":"https:\/\/yourplastics.es\/ca\/producto\/passarella-encaixable\/","og_locale":"ca_ES","og_type":"article","og_title":"Passarel\u00b7la Encaixable de pl\u00e0stic reciclat - Yourplastics.es","og_description":"La passarel\u00b7la encaixable de YourPlastics\u24c7, \u00e9s la soluci\u00f3 ideal per a platges o jardins. F\u00e0cil de muntar i desmuntar. Soluci\u00f3 accessible i sostenible.","og_url":"https:\/\/yourplastics.es\/ca\/producto\/passarella-encaixable\/","og_site_name":"Yourplastics.es","article_modified_time":"2024-08-26T12:04:19+00:00","twitter_card":"summary_large_image","twitter_misc":{"Temps estimat de lectura":"1 minut"},"schema":{"@context":"https:\/\/schema.org","@graph":[{"@type":"WebPage","@id":"https:\/\/yourplastics.es\/ca\/producto\/passarella-encaixable\/","url":"https:\/\/yourplastics.es\/ca\/producto\/passarella-encaixable\/","name":"Passarel\u00b7la Encaixable de pl\u00e0stic reciclat - Yourplastics.es","isPartOf":{"@id":"https:\/\/yourplastics.es\/#website"},"primaryImageOfPage":{"@id":"https:\/\/yourplastics.es\/ca\/producto\/passarella-encaixable\/#primaryimage"},"image":{"@id":"https:\/\/yourplastics.es\/ca\/producto\/passarella-encaixable\/#primaryimage"},"thumbnailUrl":"https:\/\/yourplastics.es\/wp-content\/uploads\/2024\/03\/408110_Stegbohlenelement_3D_Brown_2804.jpg","datePublished":"2024-03-04T09:27:11+00:00","dateModified":"2024-08-26T12:04:19+00:00","description":"La passarel\u00b7la encaixable de YourPlastics\u24c7, \u00e9s la soluci\u00f3 ideal per a platges o jardins. F\u00e0cil de muntar i desmuntar. Soluci\u00f3 accessible i sostenible.","breadcrumb":{"@id":"https:\/\/yourplastics.es\/ca\/producto\/passarella-encaixable\/#breadcrumb"},"inLanguage":"ca","potentialAction":[{"@type":"ReadAction","target":["https:\/\/yourplastics.es\/ca\/producto\/passarella-encaixable\/"]}]},{"@type":"ImageObject","inLanguage":"ca","@id":"https:\/\/yourplastics.es\/ca\/producto\/passarella-encaixable\/#primaryimage","url":"https:\/\/yourplastics.es\/wp-content\/uploads\/2024\/03\/408110_Stegbohlenelement_3D_Brown_2804.jpg","contentUrl":"https:\/\/yourplastics.es\/wp-content\/uploads\/2024\/03\/408110_Stegbohlenelement_3D_Brown_2804.jpg","width":1600,"height":527},{"@type":"BreadcrumbList","@id":"https:\/\/yourplastics.es\/ca\/producto\/passarella-encaixable\/#breadcrumb","itemListElement":[{"@type":"ListItem","position":1,"name":"Home","item":"https:\/\/yourplastics.es\/ca\/"},{"@type":"ListItem","position":2,"name":"Botiga","item":"https:\/\/yourplastics.es\/ca\/tienda-2\/"},{"@type":"ListItem","position":3,"name":"Passarel\u00b7la Encaixable"}]},{"@type":"WebSite","@id":"https:\/\/yourplastics.es\/#website","url":"https:\/\/yourplastics.es\/","name":"Yourplastics","description":"","publisher":{"@id":"https:\/\/yourplastics.es\/#organization"},"potentialAction":[{"@type":"SearchAction","target":{"@type":"EntryPoint","urlTemplate":"https:\/\/yourplastics.es\/?s={search_term_string}"},"query-input":"required name=search_term_string"}],"inLanguage":"ca"},{"@type":"Organization","@id":"https:\/\/yourplastics.es\/#organization","name":"Yourplastics","url":"https:\/\/yourplastics.es\/","logo":{"@type":"ImageObject","inLanguage":"ca","@id":"https:\/\/yourplastics.es\/#\/schema\/logo\/image\/","url":"https:\/\/yourplastics.es\/wp-content\/uploads\/2024\/08\/logo2-400x163-1.png","contentUrl":"https:\/\/yourplastics.es\/wp-content\/uploads\/2024\/08\/logo2-400x163-1.png","width":400,"height":163,"caption":"Yourplastics"},"image":{"@id":"https:\/\/yourplastics.es\/#\/schema\/logo\/image\/"}}]}},"_links":{"self":[{"href":"https:\/\/yourplastics.es\/ca\/wp-json\/wp\/v2\/product\/6204","targetHints":{"allow":["GET"]}}],"collection":[{"href":"https:\/\/yourplastics.es\/ca\/wp-json\/wp\/v2\/product"}],"about":[{"href":"https:\/\/yourplastics.es\/ca\/wp-json\/wp\/v2\/types\/product"}],"replies":[{"embeddable":true,"href":"https:\/\/yourplastics.es\/ca\/wp-json\/wp\/v2\/comments?post=6204"}],"wp:featuredmedia":[{"embeddable":true,"href":"https:\/\/yourplastics.es\/ca\/wp-json\/wp\/v2\/media\/3637"}],"wp:attachment":[{"href":"https:\/\/yourplastics.es\/ca\/wp-json\/wp\/v2\/media?parent=6204"}],"wp:term":[{"taxonomy":"product_cat","embeddable":true,"href":"https:\/\/yourplastics.es\/ca\/wp-json\/wp\/v2\/product_cat?post=6204"},{"taxonomy":"product_tag","embeddable":true,"href":"https:\/\/yourplastics.es\/ca\/wp-json\/wp\/v2\/product_tag?post=6204"}],"curies":[{"name":"wp","href":"https:\/\/api.w.org\/{rel}","templated":true}]}}