{"id":6203,"date":"2024-03-04T09:27:11","date_gmt":"2024-03-04T09:27:11","guid":{"rendered":"https:\/\/yourplastics.es\/producto\/passarella-enrotllable\/"},"modified":"2024-08-26T12:12:33","modified_gmt":"2024-08-26T12:12:33","slug":"passarella-enrotllable","status":"publish","type":"product","link":"https:\/\/yourplastics.es\/ca\/producto\/passarella-enrotllable\/","title":{"rendered":"Passarel\u00b7la Enrotllable"},"content":{"rendered":"<ul>\n<li>Ample: 80 cm, 100 cm<\/li>\n<li>Pes: 20 kg, 35 kg<\/li>\n<li>Llarg per element: 163 cm, 200 cm<\/li>\n<li>Desenrotllar i llista per utilitzar<\/li>\n<li>F\u00e0cil de transportar per no ocupar gaire espai<\/li>\n<\/ul>\n<div class=\"content--tabcontainer1\">\n<div id=\"tabcontainer1\" class=\"tabcontainer1\">\n<p>Passarel\u00b7la enrotllable 1<br \/>\nTaules: 2 x 6 x 80 cm<br \/>\nPerfil: rectangulars, plans<br \/>\nLlarg: 163 cm<\/p>\n<p>Passarel\u00b7la enrotllable 2<br \/>\nTaules: 2 x 10 x 100 cm<br \/>\nPerfil: arquejat, cants arrodonits<br \/>\nLlarg: 200 cm<\/p>\n<p>&nbsp;<\/p>\n<h3 data-fontsize=\"20\" data-lineheight=\"29\">Informaci\u00f3 addicional<\/h3>\n<table class=\"woocommerce-product-attributes shop_attributes\">\n<tbody>\n<tr class=\"woocommerce-product-attributes-item woocommerce-product-attributes-item--attribute_color\">\n<th class=\"woocommerce-product-attributes-item__label\">Color<\/th>\n<td class=\"woocommerce-product-attributes-item__value\">gris, marr\u00f3<\/td>\n<\/tr>\n<tr class=\"woocommerce-product-attributes-item woocommerce-product-attributes-item--attribute_caracter%c3%adstiques\">\n<th class=\"woocommerce-product-attributes-item__label\">Caracter\u00edstiques<\/th>\n<td class=\"woocommerce-product-attributes-item__value\">Pasarel\u00b7la enrotllable 1, Pasarel\u00b7la enrotllable 2<\/td>\n<\/tr>\n<\/tbody>\n<\/table>\n<\/div>\n<\/div>\n<p>&nbsp;<\/p>\n","protected":false},"excerpt":{"rendered":"<div class=\"content--title\">Informaci\u00f3 del producte &#8220;Passarel\u00b7la Enrotllable&#8221;<\/div>\n<div class=\"product--description\">\n<p>Les solucions enginyoses s\u00f3n sempre les m\u00e9s senzilles. Aquest element es pot desenrotllar com una catifa i l\u00f2gicament \u00e9s super f\u00e0cil d&#8217;enrotllar. D&#8217;aquesta manera, no sols s&#8217;estalvia espai en el transport, sin\u00f3 tamb\u00e9 que \u00e9s molt senzilla la seva \u201einstal\u00b7laci\u00f3\u201c. No s&#8217;ha de cargolar, no hi ha muntatge. Gr\u00e0cies a la seva flexibilitat, \u00e9s ideal per a superf\u00edcies toves (com la platja i els prats) i aplicacions temporals.<\/p>\n<\/div>\n","protected":false},"featured_media":3648,"comment_status":"closed","ping_status":"closed","template":"","meta":[],"product_cat":[182,189],"product_tag":[],"class_list":{"0":"post-6203","1":"product","2":"type-product","3":"status-publish","4":"has-post-thumbnail","6":"product_cat-passarelles","7":"product_cat-paviments-i-cobertes","9":"first","10":"instock","11":"shipping-taxable","12":"product-type-simple"},"yoast_head":"<!-- This site is optimized with the Yoast SEO plugin v23.2 - https:\/\/yoast.com\/wordpress\/plugins\/seo\/ -->\n<title>Passarel\u00b7la Enrotllable de pl\u00e0stic reciclat - Yourplastics.es<\/title>\n<meta name=\"description\" content=\"La passarel\u00b7la enrotllable de YourPlastics\u24c7, \u00e9s la soluci\u00f3 ideal per a platges o jardins. F\u00e0cil de muntar i desmuntar. Soluci\u00f3 accessible i sostenible.\" \/>\n<meta name=\"robots\" content=\"index, follow, max-snippet:-1, max-image-preview:large, max-video-preview:-1\" \/>\n<link rel=\"canonical\" href=\"https:\/\/yourplastics.es\/ca\/producto\/passarella-enrotllable\/\" \/>\n<meta property=\"og:locale\" content=\"ca_ES\" \/>\n<meta property=\"og:type\" content=\"article\" \/>\n<meta property=\"og:title\" content=\"Passarel\u00b7la Enrotllable de pl\u00e0stic reciclat - Yourplastics.es\" \/>\n<meta property=\"og:description\" content=\"La passarel\u00b7la enrotllable de YourPlastics\u24c7, \u00e9s la soluci\u00f3 ideal per a platges o jardins. F\u00e0cil de muntar i desmuntar. Soluci\u00f3 accessible i sostenible.\" \/>\n<meta property=\"og:url\" content=\"https:\/\/yourplastics.es\/ca\/producto\/passarella-enrotllable\/\" \/>\n<meta property=\"og:site_name\" content=\"Yourplastics.es\" \/>\n<meta property=\"article:modified_time\" content=\"2024-08-26T12:12:33+00:00\" \/>\n<meta name=\"twitter:card\" content=\"summary_large_image\" \/>\n<meta name=\"twitter:label1\" content=\"Temps estimat de lectura\" \/>\n\t<meta name=\"twitter:data1\" content=\"1 minut\" \/>\n<script type=\"application\/ld+json\" class=\"yoast-schema-graph\">{\"@context\":\"https:\/\/schema.org\",\"@graph\":[{\"@type\":\"WebPage\",\"@id\":\"https:\/\/yourplastics.es\/ca\/producto\/passarella-enrotllable\/\",\"url\":\"https:\/\/yourplastics.es\/ca\/producto\/passarella-enrotllable\/\",\"name\":\"Passarel\u00b7la Enrotllable de pl\u00e0stic reciclat - Yourplastics.es\",\"isPartOf\":{\"@id\":\"https:\/\/yourplastics.es\/#website\"},\"primaryImageOfPage\":{\"@id\":\"https:\/\/yourplastics.es\/ca\/producto\/passarella-enrotllable\/#primaryimage\"},\"image\":{\"@id\":\"https:\/\/yourplastics.es\/ca\/producto\/passarella-enrotllable\/#primaryimage\"},\"thumbnailUrl\":\"https:\/\/yourplastics.es\/wp-content\/uploads\/2024\/03\/RE1-2_Rollelement_aufgerollt_3D_Brown_2802.jpg\",\"datePublished\":\"2024-03-04T09:27:11+00:00\",\"dateModified\":\"2024-08-26T12:12:33+00:00\",\"description\":\"La passarel\u00b7la enrotllable de YourPlastics\u24c7, \u00e9s la soluci\u00f3 ideal per a platges o jardins. F\u00e0cil de muntar i desmuntar. Soluci\u00f3 accessible i sostenible.\",\"breadcrumb\":{\"@id\":\"https:\/\/yourplastics.es\/ca\/producto\/passarella-enrotllable\/#breadcrumb\"},\"inLanguage\":\"ca\",\"potentialAction\":[{\"@type\":\"ReadAction\",\"target\":[\"https:\/\/yourplastics.es\/ca\/producto\/passarella-enrotllable\/\"]}]},{\"@type\":\"ImageObject\",\"inLanguage\":\"ca\",\"@id\":\"https:\/\/yourplastics.es\/ca\/producto\/passarella-enrotllable\/#primaryimage\",\"url\":\"https:\/\/yourplastics.es\/wp-content\/uploads\/2024\/03\/RE1-2_Rollelement_aufgerollt_3D_Brown_2802.jpg\",\"contentUrl\":\"https:\/\/yourplastics.es\/wp-content\/uploads\/2024\/03\/RE1-2_Rollelement_aufgerollt_3D_Brown_2802.jpg\",\"width\":1600,\"height\":620},{\"@type\":\"BreadcrumbList\",\"@id\":\"https:\/\/yourplastics.es\/ca\/producto\/passarella-enrotllable\/#breadcrumb\",\"itemListElement\":[{\"@type\":\"ListItem\",\"position\":1,\"name\":\"Home\",\"item\":\"https:\/\/yourplastics.es\/ca\/\"},{\"@type\":\"ListItem\",\"position\":2,\"name\":\"Botiga\",\"item\":\"https:\/\/yourplastics.es\/ca\/tienda-2\/\"},{\"@type\":\"ListItem\",\"position\":3,\"name\":\"Passarel\u00b7la Enrotllable\"}]},{\"@type\":\"WebSite\",\"@id\":\"https:\/\/yourplastics.es\/#website\",\"url\":\"https:\/\/yourplastics.es\/\",\"name\":\"Yourplastics\",\"description\":\"\",\"publisher\":{\"@id\":\"https:\/\/yourplastics.es\/#organization\"},\"potentialAction\":[{\"@type\":\"SearchAction\",\"target\":{\"@type\":\"EntryPoint\",\"urlTemplate\":\"https:\/\/yourplastics.es\/?s={search_term_string}\"},\"query-input\":\"required name=search_term_string\"}],\"inLanguage\":\"ca\"},{\"@type\":\"Organization\",\"@id\":\"https:\/\/yourplastics.es\/#organization\",\"name\":\"Yourplastics\",\"url\":\"https:\/\/yourplastics.es\/\",\"logo\":{\"@type\":\"ImageObject\",\"inLanguage\":\"ca\",\"@id\":\"https:\/\/yourplastics.es\/#\/schema\/logo\/image\/\",\"url\":\"https:\/\/yourplastics.es\/wp-content\/uploads\/2024\/08\/logo2-400x163-1.png\",\"contentUrl\":\"https:\/\/yourplastics.es\/wp-content\/uploads\/2024\/08\/logo2-400x163-1.png\",\"width\":400,\"height\":163,\"caption\":\"Yourplastics\"},\"image\":{\"@id\":\"https:\/\/yourplastics.es\/#\/schema\/logo\/image\/\"}}]}<\/script>\n<!-- \/ Yoast SEO plugin. -->","yoast_head_json":{"title":"Passarel\u00b7la Enrotllable de pl\u00e0stic reciclat - Yourplastics.es","description":"La passarel\u00b7la enrotllable de YourPlastics\u24c7, \u00e9s la soluci\u00f3 ideal per a platges o jardins. F\u00e0cil de muntar i desmuntar. Soluci\u00f3 accessible i sostenible.","robots":{"index":"index","follow":"follow","max-snippet":"max-snippet:-1","max-image-preview":"max-image-preview:large","max-video-preview":"max-video-preview:-1"},"canonical":"https:\/\/yourplastics.es\/ca\/producto\/passarella-enrotllable\/","og_locale":"ca_ES","og_type":"article","og_title":"Passarel\u00b7la Enrotllable de pl\u00e0stic reciclat - Yourplastics.es","og_description":"La passarel\u00b7la enrotllable de YourPlastics\u24c7, \u00e9s la soluci\u00f3 ideal per a platges o jardins. F\u00e0cil de muntar i desmuntar. Soluci\u00f3 accessible i sostenible.","og_url":"https:\/\/yourplastics.es\/ca\/producto\/passarella-enrotllable\/","og_site_name":"Yourplastics.es","article_modified_time":"2024-08-26T12:12:33+00:00","twitter_card":"summary_large_image","twitter_misc":{"Temps estimat de lectura":"1 minut"},"schema":{"@context":"https:\/\/schema.org","@graph":[{"@type":"WebPage","@id":"https:\/\/yourplastics.es\/ca\/producto\/passarella-enrotllable\/","url":"https:\/\/yourplastics.es\/ca\/producto\/passarella-enrotllable\/","name":"Passarel\u00b7la Enrotllable de pl\u00e0stic reciclat - Yourplastics.es","isPartOf":{"@id":"https:\/\/yourplastics.es\/#website"},"primaryImageOfPage":{"@id":"https:\/\/yourplastics.es\/ca\/producto\/passarella-enrotllable\/#primaryimage"},"image":{"@id":"https:\/\/yourplastics.es\/ca\/producto\/passarella-enrotllable\/#primaryimage"},"thumbnailUrl":"https:\/\/yourplastics.es\/wp-content\/uploads\/2024\/03\/RE1-2_Rollelement_aufgerollt_3D_Brown_2802.jpg","datePublished":"2024-03-04T09:27:11+00:00","dateModified":"2024-08-26T12:12:33+00:00","description":"La passarel\u00b7la enrotllable de YourPlastics\u24c7, \u00e9s la soluci\u00f3 ideal per a platges o jardins. F\u00e0cil de muntar i desmuntar. Soluci\u00f3 accessible i sostenible.","breadcrumb":{"@id":"https:\/\/yourplastics.es\/ca\/producto\/passarella-enrotllable\/#breadcrumb"},"inLanguage":"ca","potentialAction":[{"@type":"ReadAction","target":["https:\/\/yourplastics.es\/ca\/producto\/passarella-enrotllable\/"]}]},{"@type":"ImageObject","inLanguage":"ca","@id":"https:\/\/yourplastics.es\/ca\/producto\/passarella-enrotllable\/#primaryimage","url":"https:\/\/yourplastics.es\/wp-content\/uploads\/2024\/03\/RE1-2_Rollelement_aufgerollt_3D_Brown_2802.jpg","contentUrl":"https:\/\/yourplastics.es\/wp-content\/uploads\/2024\/03\/RE1-2_Rollelement_aufgerollt_3D_Brown_2802.jpg","width":1600,"height":620},{"@type":"BreadcrumbList","@id":"https:\/\/yourplastics.es\/ca\/producto\/passarella-enrotllable\/#breadcrumb","itemListElement":[{"@type":"ListItem","position":1,"name":"Home","item":"https:\/\/yourplastics.es\/ca\/"},{"@type":"ListItem","position":2,"name":"Botiga","item":"https:\/\/yourplastics.es\/ca\/tienda-2\/"},{"@type":"ListItem","position":3,"name":"Passarel\u00b7la Enrotllable"}]},{"@type":"WebSite","@id":"https:\/\/yourplastics.es\/#website","url":"https:\/\/yourplastics.es\/","name":"Yourplastics","description":"","publisher":{"@id":"https:\/\/yourplastics.es\/#organization"},"potentialAction":[{"@type":"SearchAction","target":{"@type":"EntryPoint","urlTemplate":"https:\/\/yourplastics.es\/?s={search_term_string}"},"query-input":"required name=search_term_string"}],"inLanguage":"ca"},{"@type":"Organization","@id":"https:\/\/yourplastics.es\/#organization","name":"Yourplastics","url":"https:\/\/yourplastics.es\/","logo":{"@type":"ImageObject","inLanguage":"ca","@id":"https:\/\/yourplastics.es\/#\/schema\/logo\/image\/","url":"https:\/\/yourplastics.es\/wp-content\/uploads\/2024\/08\/logo2-400x163-1.png","contentUrl":"https:\/\/yourplastics.es\/wp-content\/uploads\/2024\/08\/logo2-400x163-1.png","width":400,"height":163,"caption":"Yourplastics"},"image":{"@id":"https:\/\/yourplastics.es\/#\/schema\/logo\/image\/"}}]}},"_links":{"self":[{"href":"https:\/\/yourplastics.es\/ca\/wp-json\/wp\/v2\/product\/6203","targetHints":{"allow":["GET"]}}],"collection":[{"href":"https:\/\/yourplastics.es\/ca\/wp-json\/wp\/v2\/product"}],"about":[{"href":"https:\/\/yourplastics.es\/ca\/wp-json\/wp\/v2\/types\/product"}],"replies":[{"embeddable":true,"href":"https:\/\/yourplastics.es\/ca\/wp-json\/wp\/v2\/comments?post=6203"}],"wp:featuredmedia":[{"embeddable":true,"href":"https:\/\/yourplastics.es\/ca\/wp-json\/wp\/v2\/media\/3648"}],"wp:attachment":[{"href":"https:\/\/yourplastics.es\/ca\/wp-json\/wp\/v2\/media?parent=6203"}],"wp:term":[{"taxonomy":"product_cat","embeddable":true,"href":"https:\/\/yourplastics.es\/ca\/wp-json\/wp\/v2\/product_cat?post=6203"},{"taxonomy":"product_tag","embeddable":true,"href":"https:\/\/yourplastics.es\/ca\/wp-json\/wp\/v2\/product_tag?post=6203"}],"curies":[{"name":"wp","href":"https:\/\/api.w.org\/{rel}","templated":true}]}}