{"id":6201,"date":"2024-03-04T09:27:11","date_gmt":"2024-03-04T09:27:11","guid":{"rendered":"https:\/\/yourplastics.es\/producto\/lloseta-paddock\/"},"modified":"2024-03-12T10:01:08","modified_gmt":"2024-03-12T10:01:08","slug":"lloseta-paddock","status":"publish","type":"product","link":"https:\/\/yourplastics.es\/ca\/producto\/lloseta-paddock\/","title":{"rendered":"Lloseta Paddock"},"content":{"rendered":"<ul>\n<li>Mida del perfil: 50 x 40 x 4 cm<\/li>\n<li>R\u00e0pida instal\u00b7laci\u00f3 a causa del seu baix pes<\/li>\n<li>Cobriment redu\u00eft del s\u00f2l \u2013 r\u00e0pida evacuaci\u00f3 de l&#8217;aigua<\/li>\n<li>Tamb\u00e9 utilitzable en estacionaments i \u00e0rees de dip\u00f2sit<\/li>\n<li>Adequat per a classes de c\u00e0rrega SLW 60 segons DIN 1072<\/li>\n<\/ul>\n<p>1 m\u00b2 = aprox. 5 reixetes. Les unitats d&#8217;embalatge nom\u00e9s serveixen per orientaci\u00f3. No s\u00f3n quantitats m\u00ednimes a demanar.<\/p>\n<div class=\"table--section-header content--title\"><strong>Caracter\u00edstiques<\/strong><\/div>\n<table style=\"height: 272px;\" width=\"444\">\n<tbody>\n<tr>\n<td class=\"product--attribute\">Selecci\u00f3<\/td>\n<td class=\"product--attribute\">E = 4,0 cm<\/td>\n<\/tr>\n<tr>\n<td class=\"product--attribute\">Qualitat (Material)<\/td>\n<td class=\"product--attribute\">hanit<sup>\u00ae<\/sup><\/td>\n<\/tr>\n<tr>\n<td class=\"product--attribute\">Color<\/td>\n<td class=\"product--attribute\">negre<\/td>\n<\/tr>\n<tr>\n<td class=\"product--attribute\">Llarg<\/td>\n<td class=\"product--attribute\">50 cm<\/td>\n<\/tr>\n<tr>\n<td class=\"product--attribute\">Ample<\/td>\n<td class=\"product--attribute\">40 cm<\/td>\n<\/tr>\n<tr>\n<td class=\"product--attribute\">Gruix<\/td>\n<td class=\"product--attribute\">4 cm<\/td>\n<\/tr>\n<tr>\n<td class=\"product--attribute\">Pes<\/td>\n<td class=\"product--attribute\">2,1 kg<\/td>\n<\/tr>\n<tr>\n<td class=\"product--attribute\">Pes per m\u00b2<\/td>\n<td class=\"product--attribute\">10,5 kg<\/td>\n<\/tr>\n<tr>\n<td class=\"product--attribute\">Pe\u00e7a per palet<\/td>\n<td class=\"product--attribute\">100<\/td>\n<\/tr>\n<\/tbody>\n<\/table>\n<p>&nbsp;<\/p>\n","protected":false},"excerpt":{"rendered":"<div class=\"content--title\">Informaci\u00f3 del producte &#8220;Reixeta P\u00e0doc&#8221;<\/div>\n<div class=\"product--description\">\n<p>Amb les llosetes Paddock hanit<sup>\u00ae<\/sup> es poden refor\u00e7ar la superf\u00edcie del terra sense cobrir-lo totalment. Per tant, la seva utilitzaci\u00f3 \u00e9s indicada per al treball amb animals: ramaderia, picadors, caminadors i zones d&#8217;alimentaci\u00f3. \u00c9s estable i robusta per la seva estructura de 5 mm i el sistema de ganxos dinterconnexi\u00f3. No l&#8217;afecta la intemp\u00e8rie ni els raigs UV.<\/p>\n<\/div>\n","protected":false},"featured_media":3667,"comment_status":"closed","ping_status":"closed","template":"","meta":[],"product_cat":[183,189],"product_tag":[],"class_list":{"0":"post-6201","1":"product","2":"type-product","3":"status-publish","4":"has-post-thumbnail","6":"product_cat-llosetes-paddock","7":"product_cat-paviments-i-cobertes","9":"first","10":"instock","11":"shipping-taxable","12":"product-type-simple"},"yoast_head":"<!-- This site is optimized with the Yoast SEO plugin v23.2 - https:\/\/yoast.com\/wordpress\/plugins\/seo\/ -->\n<title>Lloseta Paddock - Yourplastics.es<\/title>\n<meta name=\"robots\" content=\"index, follow, max-snippet:-1, max-image-preview:large, max-video-preview:-1\" \/>\n<link rel=\"canonical\" href=\"https:\/\/yourplastics.es\/ca\/producto\/lloseta-paddock\/\" \/>\n<meta property=\"og:locale\" content=\"ca_ES\" \/>\n<meta property=\"og:type\" content=\"article\" \/>\n<meta property=\"og:title\" content=\"Lloseta Paddock - Yourplastics.es\" \/>\n<meta property=\"og:description\" content=\"Informaci\u00f3 del producte &quot;Reixeta P\u00e0doc&quot;  Amb les llosetes Paddock hanit\u00ae es poden refor\u00e7ar la superf\u00edcie del terra sense cobrir-lo totalment. Per tant, la seva utilitzaci\u00f3 \u00e9s indicada per al treball amb animals: ramaderia, picadors, caminadors i zones d&#039;alimentaci\u00f3. \u00c9s estable i robusta per la seva estructura de 5 mm i el sistema de ganxos dinterconnexi\u00f3. No l&#039;afecta la intemp\u00e8rie ni els raigs UV.\" \/>\n<meta property=\"og:url\" content=\"https:\/\/yourplastics.es\/ca\/producto\/lloseta-paddock\/\" \/>\n<meta property=\"og:site_name\" content=\"Yourplastics.es\" \/>\n<meta property=\"article:modified_time\" content=\"2024-03-12T10:01:08+00:00\" \/>\n<meta property=\"og:image\" content=\"https:\/\/yourplastics.es\/wp-content\/uploads\/2024\/03\/PPS05004004_Paddockplatte_3D_einzeln_1406.jpg\" \/>\n\t<meta property=\"og:image:width\" content=\"1600\" \/>\n\t<meta property=\"og:image:height\" content=\"815\" \/>\n\t<meta property=\"og:image:type\" content=\"image\/jpeg\" \/>\n<meta name=\"twitter:card\" content=\"summary_large_image\" \/>\n<script type=\"application\/ld+json\" class=\"yoast-schema-graph\">{\"@context\":\"https:\/\/schema.org\",\"@graph\":[{\"@type\":\"WebPage\",\"@id\":\"https:\/\/yourplastics.es\/ca\/producto\/lloseta-paddock\/\",\"url\":\"https:\/\/yourplastics.es\/ca\/producto\/lloseta-paddock\/\",\"name\":\"Lloseta Paddock - Yourplastics.es\",\"isPartOf\":{\"@id\":\"https:\/\/yourplastics.es\/#website\"},\"primaryImageOfPage\":{\"@id\":\"https:\/\/yourplastics.es\/ca\/producto\/lloseta-paddock\/#primaryimage\"},\"image\":{\"@id\":\"https:\/\/yourplastics.es\/ca\/producto\/lloseta-paddock\/#primaryimage\"},\"thumbnailUrl\":\"https:\/\/yourplastics.es\/wp-content\/uploads\/2024\/03\/PPS05004004_Paddockplatte_3D_einzeln_1406.jpg\",\"datePublished\":\"2024-03-04T09:27:11+00:00\",\"dateModified\":\"2024-03-12T10:01:08+00:00\",\"breadcrumb\":{\"@id\":\"https:\/\/yourplastics.es\/ca\/producto\/lloseta-paddock\/#breadcrumb\"},\"inLanguage\":\"ca\",\"potentialAction\":[{\"@type\":\"ReadAction\",\"target\":[\"https:\/\/yourplastics.es\/ca\/producto\/lloseta-paddock\/\"]}]},{\"@type\":\"ImageObject\",\"inLanguage\":\"ca\",\"@id\":\"https:\/\/yourplastics.es\/ca\/producto\/lloseta-paddock\/#primaryimage\",\"url\":\"https:\/\/yourplastics.es\/wp-content\/uploads\/2024\/03\/PPS05004004_Paddockplatte_3D_einzeln_1406.jpg\",\"contentUrl\":\"https:\/\/yourplastics.es\/wp-content\/uploads\/2024\/03\/PPS05004004_Paddockplatte_3D_einzeln_1406.jpg\",\"width\":1600,\"height\":815},{\"@type\":\"BreadcrumbList\",\"@id\":\"https:\/\/yourplastics.es\/ca\/producto\/lloseta-paddock\/#breadcrumb\",\"itemListElement\":[{\"@type\":\"ListItem\",\"position\":1,\"name\":\"Home\",\"item\":\"https:\/\/yourplastics.es\/ca\/\"},{\"@type\":\"ListItem\",\"position\":2,\"name\":\"Botiga\",\"item\":\"https:\/\/yourplastics.es\/ca\/tienda-2\/\"},{\"@type\":\"ListItem\",\"position\":3,\"name\":\"Lloseta Paddock\"}]},{\"@type\":\"WebSite\",\"@id\":\"https:\/\/yourplastics.es\/#website\",\"url\":\"https:\/\/yourplastics.es\/\",\"name\":\"Yourplastics\",\"description\":\"\",\"publisher\":{\"@id\":\"https:\/\/yourplastics.es\/#organization\"},\"potentialAction\":[{\"@type\":\"SearchAction\",\"target\":{\"@type\":\"EntryPoint\",\"urlTemplate\":\"https:\/\/yourplastics.es\/?s={search_term_string}\"},\"query-input\":\"required name=search_term_string\"}],\"inLanguage\":\"ca\"},{\"@type\":\"Organization\",\"@id\":\"https:\/\/yourplastics.es\/#organization\",\"name\":\"Yourplastics\",\"url\":\"https:\/\/yourplastics.es\/\",\"logo\":{\"@type\":\"ImageObject\",\"inLanguage\":\"ca\",\"@id\":\"https:\/\/yourplastics.es\/#\/schema\/logo\/image\/\",\"url\":\"https:\/\/yourplastics.es\/wp-content\/uploads\/2024\/08\/logo2-400x163-1.png\",\"contentUrl\":\"https:\/\/yourplastics.es\/wp-content\/uploads\/2024\/08\/logo2-400x163-1.png\",\"width\":400,\"height\":163,\"caption\":\"Yourplastics\"},\"image\":{\"@id\":\"https:\/\/yourplastics.es\/#\/schema\/logo\/image\/\"}}]}<\/script>\n<!-- \/ Yoast SEO plugin. -->","yoast_head_json":{"title":"Lloseta Paddock - Yourplastics.es","robots":{"index":"index","follow":"follow","max-snippet":"max-snippet:-1","max-image-preview":"max-image-preview:large","max-video-preview":"max-video-preview:-1"},"canonical":"https:\/\/yourplastics.es\/ca\/producto\/lloseta-paddock\/","og_locale":"ca_ES","og_type":"article","og_title":"Lloseta Paddock - Yourplastics.es","og_description":"Informaci\u00f3 del producte \"Reixeta P\u00e0doc\"  Amb les llosetes Paddock hanit\u00ae es poden refor\u00e7ar la superf\u00edcie del terra sense cobrir-lo totalment. Per tant, la seva utilitzaci\u00f3 \u00e9s indicada per al treball amb animals: ramaderia, picadors, caminadors i zones d'alimentaci\u00f3. \u00c9s estable i robusta per la seva estructura de 5 mm i el sistema de ganxos dinterconnexi\u00f3. No l'afecta la intemp\u00e8rie ni els raigs UV.","og_url":"https:\/\/yourplastics.es\/ca\/producto\/lloseta-paddock\/","og_site_name":"Yourplastics.es","article_modified_time":"2024-03-12T10:01:08+00:00","og_image":[{"width":1600,"height":815,"url":"https:\/\/yourplastics.es\/wp-content\/uploads\/2024\/03\/PPS05004004_Paddockplatte_3D_einzeln_1406.jpg","type":"image\/jpeg"}],"twitter_card":"summary_large_image","schema":{"@context":"https:\/\/schema.org","@graph":[{"@type":"WebPage","@id":"https:\/\/yourplastics.es\/ca\/producto\/lloseta-paddock\/","url":"https:\/\/yourplastics.es\/ca\/producto\/lloseta-paddock\/","name":"Lloseta Paddock - Yourplastics.es","isPartOf":{"@id":"https:\/\/yourplastics.es\/#website"},"primaryImageOfPage":{"@id":"https:\/\/yourplastics.es\/ca\/producto\/lloseta-paddock\/#primaryimage"},"image":{"@id":"https:\/\/yourplastics.es\/ca\/producto\/lloseta-paddock\/#primaryimage"},"thumbnailUrl":"https:\/\/yourplastics.es\/wp-content\/uploads\/2024\/03\/PPS05004004_Paddockplatte_3D_einzeln_1406.jpg","datePublished":"2024-03-04T09:27:11+00:00","dateModified":"2024-03-12T10:01:08+00:00","breadcrumb":{"@id":"https:\/\/yourplastics.es\/ca\/producto\/lloseta-paddock\/#breadcrumb"},"inLanguage":"ca","potentialAction":[{"@type":"ReadAction","target":["https:\/\/yourplastics.es\/ca\/producto\/lloseta-paddock\/"]}]},{"@type":"ImageObject","inLanguage":"ca","@id":"https:\/\/yourplastics.es\/ca\/producto\/lloseta-paddock\/#primaryimage","url":"https:\/\/yourplastics.es\/wp-content\/uploads\/2024\/03\/PPS05004004_Paddockplatte_3D_einzeln_1406.jpg","contentUrl":"https:\/\/yourplastics.es\/wp-content\/uploads\/2024\/03\/PPS05004004_Paddockplatte_3D_einzeln_1406.jpg","width":1600,"height":815},{"@type":"BreadcrumbList","@id":"https:\/\/yourplastics.es\/ca\/producto\/lloseta-paddock\/#breadcrumb","itemListElement":[{"@type":"ListItem","position":1,"name":"Home","item":"https:\/\/yourplastics.es\/ca\/"},{"@type":"ListItem","position":2,"name":"Botiga","item":"https:\/\/yourplastics.es\/ca\/tienda-2\/"},{"@type":"ListItem","position":3,"name":"Lloseta Paddock"}]},{"@type":"WebSite","@id":"https:\/\/yourplastics.es\/#website","url":"https:\/\/yourplastics.es\/","name":"Yourplastics","description":"","publisher":{"@id":"https:\/\/yourplastics.es\/#organization"},"potentialAction":[{"@type":"SearchAction","target":{"@type":"EntryPoint","urlTemplate":"https:\/\/yourplastics.es\/?s={search_term_string}"},"query-input":"required name=search_term_string"}],"inLanguage":"ca"},{"@type":"Organization","@id":"https:\/\/yourplastics.es\/#organization","name":"Yourplastics","url":"https:\/\/yourplastics.es\/","logo":{"@type":"ImageObject","inLanguage":"ca","@id":"https:\/\/yourplastics.es\/#\/schema\/logo\/image\/","url":"https:\/\/yourplastics.es\/wp-content\/uploads\/2024\/08\/logo2-400x163-1.png","contentUrl":"https:\/\/yourplastics.es\/wp-content\/uploads\/2024\/08\/logo2-400x163-1.png","width":400,"height":163,"caption":"Yourplastics"},"image":{"@id":"https:\/\/yourplastics.es\/#\/schema\/logo\/image\/"}}]}},"_links":{"self":[{"href":"https:\/\/yourplastics.es\/ca\/wp-json\/wp\/v2\/product\/6201","targetHints":{"allow":["GET"]}}],"collection":[{"href":"https:\/\/yourplastics.es\/ca\/wp-json\/wp\/v2\/product"}],"about":[{"href":"https:\/\/yourplastics.es\/ca\/wp-json\/wp\/v2\/types\/product"}],"replies":[{"embeddable":true,"href":"https:\/\/yourplastics.es\/ca\/wp-json\/wp\/v2\/comments?post=6201"}],"wp:featuredmedia":[{"embeddable":true,"href":"https:\/\/yourplastics.es\/ca\/wp-json\/wp\/v2\/media\/3667"}],"wp:attachment":[{"href":"https:\/\/yourplastics.es\/ca\/wp-json\/wp\/v2\/media?parent=6201"}],"wp:term":[{"taxonomy":"product_cat","embeddable":true,"href":"https:\/\/yourplastics.es\/ca\/wp-json\/wp\/v2\/product_cat?post=6201"},{"taxonomy":"product_tag","embeddable":true,"href":"https:\/\/yourplastics.es\/ca\/wp-json\/wp\/v2\/product_tag?post=6201"}],"curies":[{"name":"wp","href":"https:\/\/api.w.org\/{rel}","templated":true}]}}