{"id":6199,"date":"2024-03-04T09:27:32","date_gmt":"2024-03-04T09:27:32","guid":{"rendered":"https:\/\/yourplastics.es\/producto\/reixeta-per-a-gespa\/"},"modified":"2024-03-12T10:01:39","modified_gmt":"2024-03-12T10:01:39","slug":"reixeta-per-a-gespa","status":"publish","type":"product","link":"https:\/\/yourplastics.es\/ca\/producto\/reixeta-per-a-gespa\/","title":{"rendered":"Reixeta per a gespa"},"content":{"rendered":"<ul>\n<li>Mida del perfil: 60 x 40 x 8 cm<\/li>\n<li>Gran resist\u00e8ncia malgrat el seu baix pes<\/li>\n<li>Baixos costos de transport<\/li>\n<li>F\u00e0cil d&#8217;instal\u00b7lar pel vostre sistema d&#8217;interconnexi\u00f3<\/li>\n<li>Cobriment redu\u00eft del s\u00f2l \u2013 r\u00e0pida evacuaci\u00f3 de l&#8217;aigua<\/li>\n<li>Adequat per a classes de c\u00e0rrega SLW 60 segons DIN 1072<\/li>\n<\/ul>\n<p>1 m\u00b2 = aprox. 4,17 reixetes. Percentatge de cobriment: aprox. 53% amb graveta. Les unitats d&#8217;embalatge nom\u00e9s serveixen per orientaci\u00f3. No s\u00f3n quantitats m\u00ednimes a demanar.<\/p>\n<div class=\"table--section-header content--title\"><strong>Caracter\u00edstiques<\/strong><\/div>\n<table style=\"height: 273px;\" width=\"368\">\n<tbody>\n<tr>\n<td class=\"product--attribute\">Selecci\u00f3<\/td>\n<td class=\"product--attribute\">S = 8,0 cm<\/td>\n<\/tr>\n<tr>\n<td class=\"product--attribute\">Qualitat (Material)<\/td>\n<td class=\"product--attribute\">hanit<sup>\u00ae<\/sup><\/td>\n<\/tr>\n<tr>\n<td class=\"product--attribute\">Color<\/td>\n<td class=\"product--attribute\">gris<\/td>\n<\/tr>\n<tr>\n<td class=\"product--attribute\">Llarg<\/td>\n<td class=\"product--attribute\">60 cm<\/td>\n<\/tr>\n<tr>\n<td class=\"product--attribute\">Ample<\/td>\n<td class=\"product--attribute\">40 cm<\/td>\n<\/tr>\n<tr>\n<td class=\"product--attribute\">Gruix<\/td>\n<td class=\"product--attribute\">8 cm<\/td>\n<\/tr>\n<tr>\n<td class=\"product--attribute\">Pes<\/td>\n<td class=\"product--attribute\">9 kg<\/td>\n<\/tr>\n<tr>\n<td class=\"product--attribute\">Pes per m\u00b2<\/td>\n<td class=\"product--attribute\">36,5 kg<\/td>\n<\/tr>\n<tr>\n<td class=\"product--attribute\">Pe\u00e7a per palet<\/td>\n<td class=\"product--attribute\">80<\/td>\n<\/tr>\n<\/tbody>\n<\/table>\n","protected":false},"excerpt":{"rendered":"<div class=\"content--title\">Informaci\u00f3 del producte &#8220;Reixeta per a gespa&#8221;<\/div>\n<div class=\"product--description\">El seu pes inferior davant del formig\u00f3 i la pedra, li d\u00f3na un gran avantatge. S\u00f3n perfectes per a la construcci\u00f3 d&#8217;aparcaments, per assegurar les banquines als camins i per a la realitzaci\u00f3 de superf\u00edcies d&#8217;emmagatzematge. El nou sistema d&#8217;interconnexi\u00f3 les fa m\u00e9s s\u00f2lides.<\/div>\n","protected":false},"featured_media":3684,"comment_status":"open","ping_status":"closed","template":"","meta":[],"product_cat":[189,179],"product_tag":[],"class_list":{"0":"post-6199","1":"product","2":"type-product","3":"status-publish","4":"has-post-thumbnail","6":"product_cat-paviments-i-cobertes","7":"product_cat-reixa-gespa","9":"first","10":"instock","11":"featured","12":"shipping-taxable","13":"product-type-simple"},"yoast_head":"<!-- This site is optimized with the Yoast SEO plugin v23.2 - https:\/\/yoast.com\/wordpress\/plugins\/seo\/ -->\n<title>Reixeta per a gespa - Yourplastics.es<\/title>\n<meta name=\"robots\" content=\"index, follow, max-snippet:-1, max-image-preview:large, max-video-preview:-1\" \/>\n<link rel=\"canonical\" href=\"https:\/\/yourplastics.es\/ca\/producto\/reixeta-per-a-gespa\/\" \/>\n<meta property=\"og:locale\" content=\"ca_ES\" \/>\n<meta property=\"og:type\" content=\"article\" \/>\n<meta property=\"og:title\" content=\"Reixeta per a gespa - Yourplastics.es\" \/>\n<meta property=\"og:description\" content=\"Informaci\u00f3 del producte &quot;Reixeta per a gespa&quot; El seu pes inferior davant del formig\u00f3 i la pedra, li d\u00f3na un gran avantatge. S\u00f3n perfectes per a la construcci\u00f3 d&#039;aparcaments, per assegurar les banquines als camins i per a la realitzaci\u00f3 de superf\u00edcies d&#039;emmagatzematge. El nou sistema d&#039;interconnexi\u00f3 les fa m\u00e9s s\u00f2lides.\" \/>\n<meta property=\"og:url\" content=\"https:\/\/yourplastics.es\/ca\/producto\/reixeta-per-a-gespa\/\" \/>\n<meta property=\"og:site_name\" content=\"Yourplastics.es\" \/>\n<meta property=\"article:modified_time\" content=\"2024-03-12T10:01:39+00:00\" \/>\n<meta property=\"og:image\" content=\"https:\/\/yourplastics.es\/wp-content\/uploads\/2024\/03\/GH084060_Rasengitterstein_3D_2530.jpg\" \/>\n\t<meta property=\"og:image:width\" content=\"1600\" \/>\n\t<meta property=\"og:image:height\" content=\"906\" \/>\n\t<meta property=\"og:image:type\" content=\"image\/jpeg\" \/>\n<meta name=\"twitter:card\" content=\"summary_large_image\" \/>\n<script type=\"application\/ld+json\" class=\"yoast-schema-graph\">{\"@context\":\"https:\/\/schema.org\",\"@graph\":[{\"@type\":\"WebPage\",\"@id\":\"https:\/\/yourplastics.es\/ca\/producto\/reixeta-per-a-gespa\/\",\"url\":\"https:\/\/yourplastics.es\/ca\/producto\/reixeta-per-a-gespa\/\",\"name\":\"Reixeta per a gespa - Yourplastics.es\",\"isPartOf\":{\"@id\":\"https:\/\/yourplastics.es\/#website\"},\"primaryImageOfPage\":{\"@id\":\"https:\/\/yourplastics.es\/ca\/producto\/reixeta-per-a-gespa\/#primaryimage\"},\"image\":{\"@id\":\"https:\/\/yourplastics.es\/ca\/producto\/reixeta-per-a-gespa\/#primaryimage\"},\"thumbnailUrl\":\"https:\/\/yourplastics.es\/wp-content\/uploads\/2024\/03\/GH084060_Rasengitterstein_3D_2530.jpg\",\"datePublished\":\"2024-03-04T09:27:32+00:00\",\"dateModified\":\"2024-03-12T10:01:39+00:00\",\"breadcrumb\":{\"@id\":\"https:\/\/yourplastics.es\/ca\/producto\/reixeta-per-a-gespa\/#breadcrumb\"},\"inLanguage\":\"ca\",\"potentialAction\":[{\"@type\":\"ReadAction\",\"target\":[\"https:\/\/yourplastics.es\/ca\/producto\/reixeta-per-a-gespa\/\"]}]},{\"@type\":\"ImageObject\",\"inLanguage\":\"ca\",\"@id\":\"https:\/\/yourplastics.es\/ca\/producto\/reixeta-per-a-gespa\/#primaryimage\",\"url\":\"https:\/\/yourplastics.es\/wp-content\/uploads\/2024\/03\/GH084060_Rasengitterstein_3D_2530.jpg\",\"contentUrl\":\"https:\/\/yourplastics.es\/wp-content\/uploads\/2024\/03\/GH084060_Rasengitterstein_3D_2530.jpg\",\"width\":1600,\"height\":906},{\"@type\":\"BreadcrumbList\",\"@id\":\"https:\/\/yourplastics.es\/ca\/producto\/reixeta-per-a-gespa\/#breadcrumb\",\"itemListElement\":[{\"@type\":\"ListItem\",\"position\":1,\"name\":\"Home\",\"item\":\"https:\/\/yourplastics.es\/ca\/\"},{\"@type\":\"ListItem\",\"position\":2,\"name\":\"Botiga\",\"item\":\"https:\/\/yourplastics.es\/ca\/tienda-2\/\"},{\"@type\":\"ListItem\",\"position\":3,\"name\":\"Reixeta per a gespa\"}]},{\"@type\":\"WebSite\",\"@id\":\"https:\/\/yourplastics.es\/#website\",\"url\":\"https:\/\/yourplastics.es\/\",\"name\":\"Yourplastics\",\"description\":\"\",\"publisher\":{\"@id\":\"https:\/\/yourplastics.es\/#organization\"},\"potentialAction\":[{\"@type\":\"SearchAction\",\"target\":{\"@type\":\"EntryPoint\",\"urlTemplate\":\"https:\/\/yourplastics.es\/?s={search_term_string}\"},\"query-input\":\"required name=search_term_string\"}],\"inLanguage\":\"ca\"},{\"@type\":\"Organization\",\"@id\":\"https:\/\/yourplastics.es\/#organization\",\"name\":\"Yourplastics\",\"url\":\"https:\/\/yourplastics.es\/\",\"logo\":{\"@type\":\"ImageObject\",\"inLanguage\":\"ca\",\"@id\":\"https:\/\/yourplastics.es\/#\/schema\/logo\/image\/\",\"url\":\"https:\/\/yourplastics.es\/wp-content\/uploads\/2024\/08\/logo2-400x163-1.png\",\"contentUrl\":\"https:\/\/yourplastics.es\/wp-content\/uploads\/2024\/08\/logo2-400x163-1.png\",\"width\":400,\"height\":163,\"caption\":\"Yourplastics\"},\"image\":{\"@id\":\"https:\/\/yourplastics.es\/#\/schema\/logo\/image\/\"}}]}<\/script>\n<!-- \/ Yoast SEO plugin. -->","yoast_head_json":{"title":"Reixeta per a gespa - Yourplastics.es","robots":{"index":"index","follow":"follow","max-snippet":"max-snippet:-1","max-image-preview":"max-image-preview:large","max-video-preview":"max-video-preview:-1"},"canonical":"https:\/\/yourplastics.es\/ca\/producto\/reixeta-per-a-gespa\/","og_locale":"ca_ES","og_type":"article","og_title":"Reixeta per a gespa - Yourplastics.es","og_description":"Informaci\u00f3 del producte \"Reixeta per a gespa\" El seu pes inferior davant del formig\u00f3 i la pedra, li d\u00f3na un gran avantatge. S\u00f3n perfectes per a la construcci\u00f3 d'aparcaments, per assegurar les banquines als camins i per a la realitzaci\u00f3 de superf\u00edcies d'emmagatzematge. El nou sistema d'interconnexi\u00f3 les fa m\u00e9s s\u00f2lides.","og_url":"https:\/\/yourplastics.es\/ca\/producto\/reixeta-per-a-gespa\/","og_site_name":"Yourplastics.es","article_modified_time":"2024-03-12T10:01:39+00:00","og_image":[{"width":1600,"height":906,"url":"https:\/\/yourplastics.es\/wp-content\/uploads\/2024\/03\/GH084060_Rasengitterstein_3D_2530.jpg","type":"image\/jpeg"}],"twitter_card":"summary_large_image","schema":{"@context":"https:\/\/schema.org","@graph":[{"@type":"WebPage","@id":"https:\/\/yourplastics.es\/ca\/producto\/reixeta-per-a-gespa\/","url":"https:\/\/yourplastics.es\/ca\/producto\/reixeta-per-a-gespa\/","name":"Reixeta per a gespa - Yourplastics.es","isPartOf":{"@id":"https:\/\/yourplastics.es\/#website"},"primaryImageOfPage":{"@id":"https:\/\/yourplastics.es\/ca\/producto\/reixeta-per-a-gespa\/#primaryimage"},"image":{"@id":"https:\/\/yourplastics.es\/ca\/producto\/reixeta-per-a-gespa\/#primaryimage"},"thumbnailUrl":"https:\/\/yourplastics.es\/wp-content\/uploads\/2024\/03\/GH084060_Rasengitterstein_3D_2530.jpg","datePublished":"2024-03-04T09:27:32+00:00","dateModified":"2024-03-12T10:01:39+00:00","breadcrumb":{"@id":"https:\/\/yourplastics.es\/ca\/producto\/reixeta-per-a-gespa\/#breadcrumb"},"inLanguage":"ca","potentialAction":[{"@type":"ReadAction","target":["https:\/\/yourplastics.es\/ca\/producto\/reixeta-per-a-gespa\/"]}]},{"@type":"ImageObject","inLanguage":"ca","@id":"https:\/\/yourplastics.es\/ca\/producto\/reixeta-per-a-gespa\/#primaryimage","url":"https:\/\/yourplastics.es\/wp-content\/uploads\/2024\/03\/GH084060_Rasengitterstein_3D_2530.jpg","contentUrl":"https:\/\/yourplastics.es\/wp-content\/uploads\/2024\/03\/GH084060_Rasengitterstein_3D_2530.jpg","width":1600,"height":906},{"@type":"BreadcrumbList","@id":"https:\/\/yourplastics.es\/ca\/producto\/reixeta-per-a-gespa\/#breadcrumb","itemListElement":[{"@type":"ListItem","position":1,"name":"Home","item":"https:\/\/yourplastics.es\/ca\/"},{"@type":"ListItem","position":2,"name":"Botiga","item":"https:\/\/yourplastics.es\/ca\/tienda-2\/"},{"@type":"ListItem","position":3,"name":"Reixeta per a gespa"}]},{"@type":"WebSite","@id":"https:\/\/yourplastics.es\/#website","url":"https:\/\/yourplastics.es\/","name":"Yourplastics","description":"","publisher":{"@id":"https:\/\/yourplastics.es\/#organization"},"potentialAction":[{"@type":"SearchAction","target":{"@type":"EntryPoint","urlTemplate":"https:\/\/yourplastics.es\/?s={search_term_string}"},"query-input":"required name=search_term_string"}],"inLanguage":"ca"},{"@type":"Organization","@id":"https:\/\/yourplastics.es\/#organization","name":"Yourplastics","url":"https:\/\/yourplastics.es\/","logo":{"@type":"ImageObject","inLanguage":"ca","@id":"https:\/\/yourplastics.es\/#\/schema\/logo\/image\/","url":"https:\/\/yourplastics.es\/wp-content\/uploads\/2024\/08\/logo2-400x163-1.png","contentUrl":"https:\/\/yourplastics.es\/wp-content\/uploads\/2024\/08\/logo2-400x163-1.png","width":400,"height":163,"caption":"Yourplastics"},"image":{"@id":"https:\/\/yourplastics.es\/#\/schema\/logo\/image\/"}}]}},"_links":{"self":[{"href":"https:\/\/yourplastics.es\/ca\/wp-json\/wp\/v2\/product\/6199","targetHints":{"allow":["GET"]}}],"collection":[{"href":"https:\/\/yourplastics.es\/ca\/wp-json\/wp\/v2\/product"}],"about":[{"href":"https:\/\/yourplastics.es\/ca\/wp-json\/wp\/v2\/types\/product"}],"replies":[{"embeddable":true,"href":"https:\/\/yourplastics.es\/ca\/wp-json\/wp\/v2\/comments?post=6199"}],"wp:featuredmedia":[{"embeddable":true,"href":"https:\/\/yourplastics.es\/ca\/wp-json\/wp\/v2\/media\/3684"}],"wp:attachment":[{"href":"https:\/\/yourplastics.es\/ca\/wp-json\/wp\/v2\/media?parent=6199"}],"wp:term":[{"taxonomy":"product_cat","embeddable":true,"href":"https:\/\/yourplastics.es\/ca\/wp-json\/wp\/v2\/product_cat?post=6199"},{"taxonomy":"product_tag","embeddable":true,"href":"https:\/\/yourplastics.es\/ca\/wp-json\/wp\/v2\/product_tag?post=6199"}],"curies":[{"name":"wp","href":"https:\/\/api.w.org\/{rel}","templated":true}]}}