{"id":6197,"date":"2024-03-04T09:27:32","date_gmt":"2024-03-04T09:27:32","guid":{"rendered":"https:\/\/yourplastics.es\/producto\/llambordes\/"},"modified":"2025-03-05T20:26:52","modified_gmt":"2025-03-05T20:26:52","slug":"llambordes","status":"publish","type":"product","link":"https:\/\/yourplastics.es\/ca\/producto\/llambordes\/","title":{"rendered":"Llambordes"},"content":{"rendered":"<ul>\n<li>Mides de la llamborda : 11,15 x 11,15 x 6 cm<\/li>\n<li>Un m\u00f2dul cont\u00e9 16 llambordes<\/li>\n<li>Mides del m\u00f2dul: 50 x 50 cm<\/li>\n<li>Quantitat per m\u00b2: 4 m\u00f2duls<\/li>\n<li>F\u00e0cil d&#8217;instal\u00b7lar pel vostre sistema d&#8217;interconnexi\u00f3.<\/li>\n<li>\n<h3 data-fontsize=\"20\" data-lineheight=\"29\">Informaci\u00f3 addicional<\/h3>\n<table class=\"woocommerce-product-attributes shop_attributes\">\n<tbody>\n<tr class=\"woocommerce-product-attributes-item woocommerce-product-attributes-item--attribute_color\">\n<th class=\"woocommerce-product-attributes-item__label\">Color<\/th>\n<td class=\"woocommerce-product-attributes-item__value\">gris, marr\u00f3n<\/td>\n<\/tr>\n<tr class=\"woocommerce-product-attributes-item woocommerce-product-attributes-item--attribute_caracter%c3%adsticas\">\n<th class=\"woocommerce-product-attributes-item__label\">Caracter\u00edsticas<\/th>\n<td class=\"woocommerce-product-attributes-item__value\">E = 4,0 cm ranurada, E = 4,0 cm cerrada<\/td>\n<\/tr>\n<\/tbody>\n<\/table>\n<\/li>\n<\/ul>\n","protected":false},"excerpt":{"rendered":"<p>El seu inferior pes respecte a la pedra i el formig\u00f3 els d\u00f3na un gran avantatge, s\u00f3n ideals per a la construcci\u00f3 de passarel\u00b7les de platja, passarel\u00b7les per a jard\u00ed i escocells. El seu sistema d&#8217;interconnexi\u00f3 especial els fa molt s\u00f2lids i homogenis. S\u00f3n de molt f\u00e0cil instal\u00b7laci\u00f3 i alhora suporten c\u00e0rregues molt pesades.<\/p>\n","protected":false},"featured_media":5874,"comment_status":"closed","ping_status":"closed","template":"","meta":[],"product_cat":[188,189],"product_tag":[],"class_list":{"0":"post-6197","1":"product","2":"type-product","3":"status-publish","4":"has-post-thumbnail","6":"product_cat-llambordes","7":"product_cat-paviments-i-cobertes","9":"first","10":"instock","11":"shipping-taxable","12":"product-type-simple"},"yoast_head":"<!-- This site is optimized with the Yoast SEO plugin v23.2 - https:\/\/yoast.com\/wordpress\/plugins\/seo\/ -->\n<title>Llambordes - Yourplastics.es<\/title>\n<meta name=\"description\" content=\"Llambordes de pl\u00e0stic reciclat de Your Plastics. Gran adaptavilitat al terreny, f\u00e0cil instalaci\u00f3, baix pes i producte reciclat sostenible.\" \/>\n<meta name=\"robots\" content=\"index, follow, max-snippet:-1, max-image-preview:large, max-video-preview:-1\" \/>\n<link rel=\"canonical\" href=\"https:\/\/yourplastics.es\/ca\/producto\/llambordes\/\" \/>\n<meta property=\"og:locale\" content=\"ca_ES\" \/>\n<meta property=\"og:type\" content=\"article\" \/>\n<meta property=\"og:title\" content=\"Llambordes - Yourplastics.es\" \/>\n<meta property=\"og:description\" content=\"Llambordes de pl\u00e0stic reciclat de Your Plastics. Gran adaptavilitat al terreny, f\u00e0cil instalaci\u00f3, baix pes i producte reciclat sostenible.\" \/>\n<meta property=\"og:url\" content=\"https:\/\/yourplastics.es\/ca\/producto\/llambordes\/\" \/>\n<meta property=\"og:site_name\" content=\"Yourplastics.es\" \/>\n<meta property=\"article:modified_time\" content=\"2025-03-05T20:26:52+00:00\" \/>\n<meta property=\"og:image\" content=\"https:\/\/yourplastics.es\/wp-content\/uploads\/2024\/03\/adoquines-novedad-.jpg\" \/>\n\t<meta property=\"og:image:width\" content=\"1182\" \/>\n\t<meta property=\"og:image:height\" content=\"608\" \/>\n\t<meta property=\"og:image:type\" content=\"image\/jpeg\" \/>\n<meta name=\"twitter:card\" content=\"summary_large_image\" \/>\n<meta name=\"twitter:label1\" content=\"Temps estimat de lectura\" \/>\n\t<meta name=\"twitter:data1\" content=\"1 minut\" \/>\n<script type=\"application\/ld+json\" class=\"yoast-schema-graph\">{\"@context\":\"https:\/\/schema.org\",\"@graph\":[{\"@type\":\"WebPage\",\"@id\":\"https:\/\/yourplastics.es\/ca\/producto\/llambordes\/\",\"url\":\"https:\/\/yourplastics.es\/ca\/producto\/llambordes\/\",\"name\":\"Llambordes - Yourplastics.es\",\"isPartOf\":{\"@id\":\"https:\/\/yourplastics.es\/#website\"},\"primaryImageOfPage\":{\"@id\":\"https:\/\/yourplastics.es\/ca\/producto\/llambordes\/#primaryimage\"},\"image\":{\"@id\":\"https:\/\/yourplastics.es\/ca\/producto\/llambordes\/#primaryimage\"},\"thumbnailUrl\":\"https:\/\/yourplastics.es\/wp-content\/uploads\/2024\/03\/adoquines-novedad-.jpg\",\"datePublished\":\"2024-03-04T09:27:32+00:00\",\"dateModified\":\"2025-03-05T20:26:52+00:00\",\"description\":\"Llambordes de pl\u00e0stic reciclat de Your Plastics. Gran adaptavilitat al terreny, f\u00e0cil instalaci\u00f3, baix pes i producte reciclat sostenible.\",\"breadcrumb\":{\"@id\":\"https:\/\/yourplastics.es\/ca\/producto\/llambordes\/#breadcrumb\"},\"inLanguage\":\"ca\",\"potentialAction\":[{\"@type\":\"ReadAction\",\"target\":[\"https:\/\/yourplastics.es\/ca\/producto\/llambordes\/\"]}]},{\"@type\":\"ImageObject\",\"inLanguage\":\"ca\",\"@id\":\"https:\/\/yourplastics.es\/ca\/producto\/llambordes\/#primaryimage\",\"url\":\"https:\/\/yourplastics.es\/wp-content\/uploads\/2024\/03\/adoquines-novedad-.jpg\",\"contentUrl\":\"https:\/\/yourplastics.es\/wp-content\/uploads\/2024\/03\/adoquines-novedad-.jpg\",\"width\":1182,\"height\":608},{\"@type\":\"BreadcrumbList\",\"@id\":\"https:\/\/yourplastics.es\/ca\/producto\/llambordes\/#breadcrumb\",\"itemListElement\":[{\"@type\":\"ListItem\",\"position\":1,\"name\":\"Home\",\"item\":\"https:\/\/yourplastics.es\/ca\/\"},{\"@type\":\"ListItem\",\"position\":2,\"name\":\"Botiga\",\"item\":\"https:\/\/yourplastics.es\/ca\/tienda-2\/\"},{\"@type\":\"ListItem\",\"position\":3,\"name\":\"Llambordes\"}]},{\"@type\":\"WebSite\",\"@id\":\"https:\/\/yourplastics.es\/#website\",\"url\":\"https:\/\/yourplastics.es\/\",\"name\":\"Yourplastics\",\"description\":\"\",\"publisher\":{\"@id\":\"https:\/\/yourplastics.es\/#organization\"},\"potentialAction\":[{\"@type\":\"SearchAction\",\"target\":{\"@type\":\"EntryPoint\",\"urlTemplate\":\"https:\/\/yourplastics.es\/?s={search_term_string}\"},\"query-input\":\"required name=search_term_string\"}],\"inLanguage\":\"ca\"},{\"@type\":\"Organization\",\"@id\":\"https:\/\/yourplastics.es\/#organization\",\"name\":\"Yourplastics\",\"url\":\"https:\/\/yourplastics.es\/\",\"logo\":{\"@type\":\"ImageObject\",\"inLanguage\":\"ca\",\"@id\":\"https:\/\/yourplastics.es\/#\/schema\/logo\/image\/\",\"url\":\"https:\/\/yourplastics.es\/wp-content\/uploads\/2024\/08\/logo2-400x163-1.png\",\"contentUrl\":\"https:\/\/yourplastics.es\/wp-content\/uploads\/2024\/08\/logo2-400x163-1.png\",\"width\":400,\"height\":163,\"caption\":\"Yourplastics\"},\"image\":{\"@id\":\"https:\/\/yourplastics.es\/#\/schema\/logo\/image\/\"}}]}<\/script>\n<!-- \/ Yoast SEO plugin. -->","yoast_head_json":{"title":"Llambordes - Yourplastics.es","description":"Llambordes de pl\u00e0stic reciclat de Your Plastics. Gran adaptavilitat al terreny, f\u00e0cil instalaci\u00f3, baix pes i producte reciclat sostenible.","robots":{"index":"index","follow":"follow","max-snippet":"max-snippet:-1","max-image-preview":"max-image-preview:large","max-video-preview":"max-video-preview:-1"},"canonical":"https:\/\/yourplastics.es\/ca\/producto\/llambordes\/","og_locale":"ca_ES","og_type":"article","og_title":"Llambordes - Yourplastics.es","og_description":"Llambordes de pl\u00e0stic reciclat de Your Plastics. Gran adaptavilitat al terreny, f\u00e0cil instalaci\u00f3, baix pes i producte reciclat sostenible.","og_url":"https:\/\/yourplastics.es\/ca\/producto\/llambordes\/","og_site_name":"Yourplastics.es","article_modified_time":"2025-03-05T20:26:52+00:00","og_image":[{"width":1182,"height":608,"url":"https:\/\/yourplastics.es\/wp-content\/uploads\/2024\/03\/adoquines-novedad-.jpg","type":"image\/jpeg"}],"twitter_card":"summary_large_image","twitter_misc":{"Temps estimat de lectura":"1 minut"},"schema":{"@context":"https:\/\/schema.org","@graph":[{"@type":"WebPage","@id":"https:\/\/yourplastics.es\/ca\/producto\/llambordes\/","url":"https:\/\/yourplastics.es\/ca\/producto\/llambordes\/","name":"Llambordes - Yourplastics.es","isPartOf":{"@id":"https:\/\/yourplastics.es\/#website"},"primaryImageOfPage":{"@id":"https:\/\/yourplastics.es\/ca\/producto\/llambordes\/#primaryimage"},"image":{"@id":"https:\/\/yourplastics.es\/ca\/producto\/llambordes\/#primaryimage"},"thumbnailUrl":"https:\/\/yourplastics.es\/wp-content\/uploads\/2024\/03\/adoquines-novedad-.jpg","datePublished":"2024-03-04T09:27:32+00:00","dateModified":"2025-03-05T20:26:52+00:00","description":"Llambordes de pl\u00e0stic reciclat de Your Plastics. Gran adaptavilitat al terreny, f\u00e0cil instalaci\u00f3, baix pes i producte reciclat sostenible.","breadcrumb":{"@id":"https:\/\/yourplastics.es\/ca\/producto\/llambordes\/#breadcrumb"},"inLanguage":"ca","potentialAction":[{"@type":"ReadAction","target":["https:\/\/yourplastics.es\/ca\/producto\/llambordes\/"]}]},{"@type":"ImageObject","inLanguage":"ca","@id":"https:\/\/yourplastics.es\/ca\/producto\/llambordes\/#primaryimage","url":"https:\/\/yourplastics.es\/wp-content\/uploads\/2024\/03\/adoquines-novedad-.jpg","contentUrl":"https:\/\/yourplastics.es\/wp-content\/uploads\/2024\/03\/adoquines-novedad-.jpg","width":1182,"height":608},{"@type":"BreadcrumbList","@id":"https:\/\/yourplastics.es\/ca\/producto\/llambordes\/#breadcrumb","itemListElement":[{"@type":"ListItem","position":1,"name":"Home","item":"https:\/\/yourplastics.es\/ca\/"},{"@type":"ListItem","position":2,"name":"Botiga","item":"https:\/\/yourplastics.es\/ca\/tienda-2\/"},{"@type":"ListItem","position":3,"name":"Llambordes"}]},{"@type":"WebSite","@id":"https:\/\/yourplastics.es\/#website","url":"https:\/\/yourplastics.es\/","name":"Yourplastics","description":"","publisher":{"@id":"https:\/\/yourplastics.es\/#organization"},"potentialAction":[{"@type":"SearchAction","target":{"@type":"EntryPoint","urlTemplate":"https:\/\/yourplastics.es\/?s={search_term_string}"},"query-input":"required name=search_term_string"}],"inLanguage":"ca"},{"@type":"Organization","@id":"https:\/\/yourplastics.es\/#organization","name":"Yourplastics","url":"https:\/\/yourplastics.es\/","logo":{"@type":"ImageObject","inLanguage":"ca","@id":"https:\/\/yourplastics.es\/#\/schema\/logo\/image\/","url":"https:\/\/yourplastics.es\/wp-content\/uploads\/2024\/08\/logo2-400x163-1.png","contentUrl":"https:\/\/yourplastics.es\/wp-content\/uploads\/2024\/08\/logo2-400x163-1.png","width":400,"height":163,"caption":"Yourplastics"},"image":{"@id":"https:\/\/yourplastics.es\/#\/schema\/logo\/image\/"}}]}},"_links":{"self":[{"href":"https:\/\/yourplastics.es\/ca\/wp-json\/wp\/v2\/product\/6197","targetHints":{"allow":["GET"]}}],"collection":[{"href":"https:\/\/yourplastics.es\/ca\/wp-json\/wp\/v2\/product"}],"about":[{"href":"https:\/\/yourplastics.es\/ca\/wp-json\/wp\/v2\/types\/product"}],"replies":[{"embeddable":true,"href":"https:\/\/yourplastics.es\/ca\/wp-json\/wp\/v2\/comments?post=6197"}],"wp:featuredmedia":[{"embeddable":true,"href":"https:\/\/yourplastics.es\/ca\/wp-json\/wp\/v2\/media\/5874"}],"wp:attachment":[{"href":"https:\/\/yourplastics.es\/ca\/wp-json\/wp\/v2\/media?parent=6197"}],"wp:term":[{"taxonomy":"product_cat","embeddable":true,"href":"https:\/\/yourplastics.es\/ca\/wp-json\/wp\/v2\/product_cat?post=6197"},{"taxonomy":"product_tag","embeddable":true,"href":"https:\/\/yourplastics.es\/ca\/wp-json\/wp\/v2\/product_tag?post=6197"}],"curies":[{"name":"wp","href":"https:\/\/api.w.org\/{rel}","templated":true}]}}