{"id":6190,"date":"2024-03-04T09:28:01","date_gmt":"2024-03-04T09:28:01","guid":{"rendered":"https:\/\/yourplastics.es\/producto\/lloseta-mobil-tot-terreny\/"},"modified":"2024-03-04T09:28:01","modified_gmt":"2024-03-04T09:28:01","slug":"lloseta-mobil-tot-terreny","status":"publish","type":"product","link":"https:\/\/yourplastics.es\/ca\/producto\/lloseta-mobil-tot-terreny\/","title":{"rendered":"Lloseta m\u00f2bil tot terreny"},"content":{"rendered":"<ul>\n<li>Mesures: 125 x 62 x 3,0 cm<\/li>\n<li>La perfecta protecci\u00f3 despla\u00e7able<\/li>\n<li>R\u00e0pid armat i desarmat<\/li>\n<li>No ho afecta la intemp\u00e8rie<\/li>\n<li>La soluci\u00f3 intel\u00b7ligent i econ\u00f2mica<\/li>\n<\/ul>\n<p>1 Placa = aprox. 0,78 m\u00b2. Les unitats d&#8217;embalatge nom\u00e9s serveixen per orientaci\u00f3. No s\u00f3n quantitats m\u00ednimes a demanar.<\/p>\n<div class=\"table--section-header content--title\"><strong>Caracter\u00edstiques<\/strong><\/div>\n<table style=\"height: 231px;\" width=\"394\">\n<tbody>\n<tr>\n<td class=\"product--attribute\">Selecci\u00f3<\/td>\n<td class=\"product--attribute\">S = 3,0 cm<\/td>\n<\/tr>\n<tr>\n<td class=\"product--attribute\">Qualitat (Material)<\/td>\n<td class=\"product--attribute\">hanit<sup>\u00ae<\/sup><\/td>\n<\/tr>\n<tr>\n<td class=\"product--attribute\">Color<\/td>\n<td class=\"product--attribute\">marr\u00f3<\/td>\n<\/tr>\n<tr>\n<td class=\"product--attribute\">Llarg<\/td>\n<td class=\"product--attribute\">125 cm<\/td>\n<\/tr>\n<tr>\n<td class=\"product--attribute\">Ample<\/td>\n<td class=\"product--attribute\">62 cm<\/td>\n<\/tr>\n<tr>\n<td class=\"product--attribute\">Gruix<\/td>\n<td class=\"product--attribute\">3 cm<\/td>\n<\/tr>\n<tr>\n<td class=\"product--attribute\">Pes<\/td>\n<td class=\"product--attribute\">10,5 kg<\/td>\n<\/tr>\n<tr>\n<td class=\"product--attribute\">Pe\u00e7a per palet<\/td>\n<td class=\"product--attribute\">30<\/td>\n<\/tr>\n<\/tbody>\n<\/table>\n<p>&nbsp;<\/p>\n<p><img decoding=\"async\" id=\"tinymce-editor-image-85a8bed3-f1bb-4b25-82ba-aac190d5a888\" class=\"lazyload tinymce-editor-image tinymce-editor-image-85a8bed3-f1bb-4b25-82ba-aac190d5a888\" src=\"data:image\/gif;base64,R0lGODlhAQABAAAAACH5BAEKAAEALAAAAAABAAEAAAICTAEAOw==\" data-orig-src=\"https:\/\/www.hahnkunststoffe.de\/media\/image\/95\/f1\/9f\/MB3512562_Mobile_Gelaendeplatte_Schema_ES.jpg\" alt=\"MB3512562_Mobile_Gelaendeplatte_Schema_ES\" width=\"400\" data-src=\"media\/image\/MB3512562_Mobile_Gelaendeplatte_Schema_ES.jpg\"><\/p>\n","protected":false},"excerpt":{"rendered":"<div class=\"content--title\">Informaci\u00f3 del producte &#8220;Paviment despla\u00e7able tot terreny&#8221;<\/div>\n<div class=\"product--description\">\n<p>Quan l&#8217;acc\u00e9s a una nova obra s&#8217;ha de fer per la gespa i el jard\u00ed, els costos de reparaci\u00f3 de l&#8217;\u00e0rea perjudicada poden ser molt alts. Mitjan\u00e7ant la utilitzaci\u00f3 de les nostres plaques m\u00f2bils tot terreny s&#8217;evita aquest gran problema. Protegeixen el s\u00f2l assegurant la seguretat a les vies d&#8217;acc\u00e9s. Per exemple en el cas dels cementiris.<\/p>\n<\/div>\n","protected":false},"featured_media":3721,"comment_status":"closed","ping_status":"closed","template":"","meta":[],"product_cat":[184,189],"product_tag":[],"class_list":{"0":"post-6190","1":"product","2":"type-product","3":"status-publish","4":"has-post-thumbnail","6":"product_cat-llosetes","7":"product_cat-paviments-i-cobertes","9":"first","10":"instock","11":"shipping-taxable","12":"product-type-simple"},"yoast_head":"<!-- This site is optimized with the Yoast SEO plugin v23.2 - https:\/\/yoast.com\/wordpress\/plugins\/seo\/ -->\n<title>Lloseta m\u00f2bil tot terreny - Yourplastics.es<\/title>\n<meta name=\"robots\" content=\"index, follow, max-snippet:-1, max-image-preview:large, max-video-preview:-1\" \/>\n<link rel=\"canonical\" href=\"https:\/\/yourplastics.es\/ca\/producto\/lloseta-mobil-tot-terreny\/\" \/>\n<meta property=\"og:locale\" content=\"ca_ES\" \/>\n<meta property=\"og:type\" content=\"article\" \/>\n<meta property=\"og:title\" content=\"Lloseta m\u00f2bil tot terreny - Yourplastics.es\" \/>\n<meta property=\"og:description\" content=\"Informaci\u00f3 del producte &quot;Paviment despla\u00e7able tot terreny&quot;  Quan l&#039;acc\u00e9s a una nova obra s&#039;ha de fer per la gespa i el jard\u00ed, els costos de reparaci\u00f3 de l&#039;\u00e0rea perjudicada poden ser molt alts. Mitjan\u00e7ant la utilitzaci\u00f3 de les nostres plaques m\u00f2bils tot terreny s&#039;evita aquest gran problema. Protegeixen el s\u00f2l assegurant la seguretat a les vies d&#039;acc\u00e9s. Per exemple en el cas dels cementiris.\" \/>\n<meta property=\"og:url\" content=\"https:\/\/yourplastics.es\/ca\/producto\/lloseta-mobil-tot-terreny\/\" \/>\n<meta property=\"og:site_name\" content=\"Yourplastics.es\" \/>\n<meta property=\"og:image\" content=\"https:\/\/yourplastics.es\/wp-content\/uploads\/2024\/03\/MB3512562_MobileGelaendeplatte_3D_2539.jpg\" \/>\n\t<meta property=\"og:image:width\" content=\"1600\" \/>\n\t<meta property=\"og:image:height\" content=\"859\" \/>\n\t<meta property=\"og:image:type\" content=\"image\/jpeg\" \/>\n<meta name=\"twitter:card\" content=\"summary_large_image\" \/>\n<script type=\"application\/ld+json\" class=\"yoast-schema-graph\">{\"@context\":\"https:\/\/schema.org\",\"@graph\":[{\"@type\":\"WebPage\",\"@id\":\"https:\/\/yourplastics.es\/ca\/producto\/lloseta-mobil-tot-terreny\/\",\"url\":\"https:\/\/yourplastics.es\/ca\/producto\/lloseta-mobil-tot-terreny\/\",\"name\":\"Lloseta m\u00f2bil tot terreny - Yourplastics.es\",\"isPartOf\":{\"@id\":\"https:\/\/yourplastics.es\/#website\"},\"primaryImageOfPage\":{\"@id\":\"https:\/\/yourplastics.es\/ca\/producto\/lloseta-mobil-tot-terreny\/#primaryimage\"},\"image\":{\"@id\":\"https:\/\/yourplastics.es\/ca\/producto\/lloseta-mobil-tot-terreny\/#primaryimage\"},\"thumbnailUrl\":\"https:\/\/yourplastics.es\/wp-content\/uploads\/2024\/03\/MB3512562_MobileGelaendeplatte_3D_2539.jpg\",\"datePublished\":\"2024-03-04T09:28:01+00:00\",\"dateModified\":\"2024-03-04T09:28:01+00:00\",\"breadcrumb\":{\"@id\":\"https:\/\/yourplastics.es\/ca\/producto\/lloseta-mobil-tot-terreny\/#breadcrumb\"},\"inLanguage\":\"ca\",\"potentialAction\":[{\"@type\":\"ReadAction\",\"target\":[\"https:\/\/yourplastics.es\/ca\/producto\/lloseta-mobil-tot-terreny\/\"]}]},{\"@type\":\"ImageObject\",\"inLanguage\":\"ca\",\"@id\":\"https:\/\/yourplastics.es\/ca\/producto\/lloseta-mobil-tot-terreny\/#primaryimage\",\"url\":\"https:\/\/yourplastics.es\/wp-content\/uploads\/2024\/03\/MB3512562_MobileGelaendeplatte_3D_2539.jpg\",\"contentUrl\":\"https:\/\/yourplastics.es\/wp-content\/uploads\/2024\/03\/MB3512562_MobileGelaendeplatte_3D_2539.jpg\",\"width\":1600,\"height\":859},{\"@type\":\"BreadcrumbList\",\"@id\":\"https:\/\/yourplastics.es\/ca\/producto\/lloseta-mobil-tot-terreny\/#breadcrumb\",\"itemListElement\":[{\"@type\":\"ListItem\",\"position\":1,\"name\":\"Home\",\"item\":\"https:\/\/yourplastics.es\/ca\/\"},{\"@type\":\"ListItem\",\"position\":2,\"name\":\"Botiga\",\"item\":\"https:\/\/yourplastics.es\/ca\/tienda-2\/\"},{\"@type\":\"ListItem\",\"position\":3,\"name\":\"Lloseta m\u00f2bil tot terreny\"}]},{\"@type\":\"WebSite\",\"@id\":\"https:\/\/yourplastics.es\/#website\",\"url\":\"https:\/\/yourplastics.es\/\",\"name\":\"Yourplastics\",\"description\":\"\",\"publisher\":{\"@id\":\"https:\/\/yourplastics.es\/#organization\"},\"potentialAction\":[{\"@type\":\"SearchAction\",\"target\":{\"@type\":\"EntryPoint\",\"urlTemplate\":\"https:\/\/yourplastics.es\/?s={search_term_string}\"},\"query-input\":\"required name=search_term_string\"}],\"inLanguage\":\"ca\"},{\"@type\":\"Organization\",\"@id\":\"https:\/\/yourplastics.es\/#organization\",\"name\":\"Yourplastics\",\"url\":\"https:\/\/yourplastics.es\/\",\"logo\":{\"@type\":\"ImageObject\",\"inLanguage\":\"ca\",\"@id\":\"https:\/\/yourplastics.es\/#\/schema\/logo\/image\/\",\"url\":\"https:\/\/yourplastics.es\/wp-content\/uploads\/2024\/08\/logo2-400x163-1.png\",\"contentUrl\":\"https:\/\/yourplastics.es\/wp-content\/uploads\/2024\/08\/logo2-400x163-1.png\",\"width\":400,\"height\":163,\"caption\":\"Yourplastics\"},\"image\":{\"@id\":\"https:\/\/yourplastics.es\/#\/schema\/logo\/image\/\"}}]}<\/script>\n<!-- \/ Yoast SEO plugin. -->","yoast_head_json":{"title":"Lloseta m\u00f2bil tot terreny - Yourplastics.es","robots":{"index":"index","follow":"follow","max-snippet":"max-snippet:-1","max-image-preview":"max-image-preview:large","max-video-preview":"max-video-preview:-1"},"canonical":"https:\/\/yourplastics.es\/ca\/producto\/lloseta-mobil-tot-terreny\/","og_locale":"ca_ES","og_type":"article","og_title":"Lloseta m\u00f2bil tot terreny - Yourplastics.es","og_description":"Informaci\u00f3 del producte \"Paviment despla\u00e7able tot terreny\"  Quan l'acc\u00e9s a una nova obra s'ha de fer per la gespa i el jard\u00ed, els costos de reparaci\u00f3 de l'\u00e0rea perjudicada poden ser molt alts. Mitjan\u00e7ant la utilitzaci\u00f3 de les nostres plaques m\u00f2bils tot terreny s'evita aquest gran problema. Protegeixen el s\u00f2l assegurant la seguretat a les vies d'acc\u00e9s. Per exemple en el cas dels cementiris.","og_url":"https:\/\/yourplastics.es\/ca\/producto\/lloseta-mobil-tot-terreny\/","og_site_name":"Yourplastics.es","og_image":[{"width":1600,"height":859,"url":"https:\/\/yourplastics.es\/wp-content\/uploads\/2024\/03\/MB3512562_MobileGelaendeplatte_3D_2539.jpg","type":"image\/jpeg"}],"twitter_card":"summary_large_image","schema":{"@context":"https:\/\/schema.org","@graph":[{"@type":"WebPage","@id":"https:\/\/yourplastics.es\/ca\/producto\/lloseta-mobil-tot-terreny\/","url":"https:\/\/yourplastics.es\/ca\/producto\/lloseta-mobil-tot-terreny\/","name":"Lloseta m\u00f2bil tot terreny - Yourplastics.es","isPartOf":{"@id":"https:\/\/yourplastics.es\/#website"},"primaryImageOfPage":{"@id":"https:\/\/yourplastics.es\/ca\/producto\/lloseta-mobil-tot-terreny\/#primaryimage"},"image":{"@id":"https:\/\/yourplastics.es\/ca\/producto\/lloseta-mobil-tot-terreny\/#primaryimage"},"thumbnailUrl":"https:\/\/yourplastics.es\/wp-content\/uploads\/2024\/03\/MB3512562_MobileGelaendeplatte_3D_2539.jpg","datePublished":"2024-03-04T09:28:01+00:00","dateModified":"2024-03-04T09:28:01+00:00","breadcrumb":{"@id":"https:\/\/yourplastics.es\/ca\/producto\/lloseta-mobil-tot-terreny\/#breadcrumb"},"inLanguage":"ca","potentialAction":[{"@type":"ReadAction","target":["https:\/\/yourplastics.es\/ca\/producto\/lloseta-mobil-tot-terreny\/"]}]},{"@type":"ImageObject","inLanguage":"ca","@id":"https:\/\/yourplastics.es\/ca\/producto\/lloseta-mobil-tot-terreny\/#primaryimage","url":"https:\/\/yourplastics.es\/wp-content\/uploads\/2024\/03\/MB3512562_MobileGelaendeplatte_3D_2539.jpg","contentUrl":"https:\/\/yourplastics.es\/wp-content\/uploads\/2024\/03\/MB3512562_MobileGelaendeplatte_3D_2539.jpg","width":1600,"height":859},{"@type":"BreadcrumbList","@id":"https:\/\/yourplastics.es\/ca\/producto\/lloseta-mobil-tot-terreny\/#breadcrumb","itemListElement":[{"@type":"ListItem","position":1,"name":"Home","item":"https:\/\/yourplastics.es\/ca\/"},{"@type":"ListItem","position":2,"name":"Botiga","item":"https:\/\/yourplastics.es\/ca\/tienda-2\/"},{"@type":"ListItem","position":3,"name":"Lloseta m\u00f2bil tot terreny"}]},{"@type":"WebSite","@id":"https:\/\/yourplastics.es\/#website","url":"https:\/\/yourplastics.es\/","name":"Yourplastics","description":"","publisher":{"@id":"https:\/\/yourplastics.es\/#organization"},"potentialAction":[{"@type":"SearchAction","target":{"@type":"EntryPoint","urlTemplate":"https:\/\/yourplastics.es\/?s={search_term_string}"},"query-input":"required name=search_term_string"}],"inLanguage":"ca"},{"@type":"Organization","@id":"https:\/\/yourplastics.es\/#organization","name":"Yourplastics","url":"https:\/\/yourplastics.es\/","logo":{"@type":"ImageObject","inLanguage":"ca","@id":"https:\/\/yourplastics.es\/#\/schema\/logo\/image\/","url":"https:\/\/yourplastics.es\/wp-content\/uploads\/2024\/08\/logo2-400x163-1.png","contentUrl":"https:\/\/yourplastics.es\/wp-content\/uploads\/2024\/08\/logo2-400x163-1.png","width":400,"height":163,"caption":"Yourplastics"},"image":{"@id":"https:\/\/yourplastics.es\/#\/schema\/logo\/image\/"}}]}},"_links":{"self":[{"href":"https:\/\/yourplastics.es\/ca\/wp-json\/wp\/v2\/product\/6190","targetHints":{"allow":["GET"]}}],"collection":[{"href":"https:\/\/yourplastics.es\/ca\/wp-json\/wp\/v2\/product"}],"about":[{"href":"https:\/\/yourplastics.es\/ca\/wp-json\/wp\/v2\/types\/product"}],"replies":[{"embeddable":true,"href":"https:\/\/yourplastics.es\/ca\/wp-json\/wp\/v2\/comments?post=6190"}],"wp:featuredmedia":[{"embeddable":true,"href":"https:\/\/yourplastics.es\/ca\/wp-json\/wp\/v2\/media\/3721"}],"wp:attachment":[{"href":"https:\/\/yourplastics.es\/ca\/wp-json\/wp\/v2\/media?parent=6190"}],"wp:term":[{"taxonomy":"product_cat","embeddable":true,"href":"https:\/\/yourplastics.es\/ca\/wp-json\/wp\/v2\/product_cat?post=6190"},{"taxonomy":"product_tag","embeddable":true,"href":"https:\/\/yourplastics.es\/ca\/wp-json\/wp\/v2\/product_tag?post=6190"}],"curies":[{"name":"wp","href":"https:\/\/api.w.org\/{rel}","templated":true}]}}