{"id":6185,"date":"2024-03-04T09:28:01","date_gmt":"2024-03-04T09:28:01","guid":{"rendered":"https:\/\/yourplastics.es\/producto\/lloseta-cobertura-industrial\/"},"modified":"2024-05-27T07:58:35","modified_gmt":"2024-05-27T07:58:35","slug":"lloseta-cobertura-industrial","status":"publish","type":"product","link":"https:\/\/yourplastics.es\/ca\/producto\/lloseta-cobertura-industrial\/","title":{"rendered":"Lloseta cobertura industrial"},"content":{"rendered":"<ul>\n<li>Llarg m\u00e0x: 190 cm<\/li>\n<li>\u00c0mplia varietat de formats<\/li>\n<li>Alta capacitat d&#8217;adaptaci\u00f3<\/li>\n<li>Gran capacitat de c\u00e0rrega<\/li>\n<li>Senzilla realitzaci\u00f3 de corbes, cantonades i trapezis<\/li>\n<\/ul>\n<p>&nbsp;<\/p>\n<h3 data-fontsize=\"20\" data-lineheight=\"29\">Informaci\u00f3n adicional<\/h3>\n<table class=\"woocommerce-product-attributes shop_attributes\">\n<tbody>\n<tr class=\"woocommerce-product-attributes-item woocommerce-product-attributes-item--attribute_refuerzo\">\n<th class=\"woocommerce-product-attributes-item__label\">Refuerzo<\/th>\n<td class=\"woocommerce-product-attributes-item__value\">Sin refuerzo, Refuerzo interior<\/td>\n<\/tr>\n<\/tbody>\n<\/table>\n","protected":false},"excerpt":{"rendered":"<div class=\"content--title\">Informaci\u00f3 del producte &#8220;Tapa per cable canal&#8221;<\/div>\n<div class=\"product--description\">\n<p>Aquesta placa patentada \u00e9s la indicada com a tapa de tots els canals o targetes existents. Tant a les construccions noves per\u00f2 especialment a la renovaci\u00f3 de les existents com per exemple les de fusta o ciment. Aquestes tapes brinden una soluci\u00f3 \u00f2ptima tant pel que fa a l&#8217;aspecte t\u00e8cnic com econ\u00f2mic i ecol\u00f2gic.<\/p>\n<\/div>\n","protected":false},"featured_media":3725,"comment_status":"closed","ping_status":"closed","template":"","meta":[],"product_cat":[184,189],"product_tag":[],"class_list":{"0":"post-6185","1":"product","2":"type-product","3":"status-publish","4":"has-post-thumbnail","6":"product_cat-llosetes","7":"product_cat-paviments-i-cobertes","9":"first","10":"instock","11":"shipping-taxable","12":"product-type-simple"},"yoast_head":"<!-- This site is optimized with the Yoast SEO plugin v23.2 - https:\/\/yoast.com\/wordpress\/plugins\/seo\/ -->\n<title>Lloseta cobertura industrial - Yourplastics.es<\/title>\n<meta name=\"robots\" content=\"index, follow, max-snippet:-1, max-image-preview:large, max-video-preview:-1\" \/>\n<link rel=\"canonical\" href=\"https:\/\/yourplastics.es\/ca\/producto\/lloseta-cobertura-industrial\/\" \/>\n<meta property=\"og:locale\" content=\"ca_ES\" \/>\n<meta property=\"og:type\" content=\"article\" \/>\n<meta property=\"og:title\" content=\"Lloseta cobertura industrial - Yourplastics.es\" \/>\n<meta property=\"og:description\" content=\"Informaci\u00f3 del producte &quot;Tapa per cable canal&quot;   Aquesta placa patentada \u00e9s la indicada com a tapa de tots els canals o targetes existents. Tant a les construccions noves per\u00f2 especialment a la renovaci\u00f3 de les existents com per exemple les de fusta o ciment. Aquestes tapes brinden una soluci\u00f3 \u00f2ptima tant pel que fa a l&#039;aspecte t\u00e8cnic com econ\u00f2mic i ecol\u00f2gic.\" \/>\n<meta property=\"og:url\" content=\"https:\/\/yourplastics.es\/ca\/producto\/lloseta-cobertura-industrial\/\" \/>\n<meta property=\"og:site_name\" content=\"Yourplastics.es\" \/>\n<meta property=\"article:modified_time\" content=\"2024-05-27T07:58:35+00:00\" \/>\n<meta property=\"og:image\" content=\"https:\/\/yourplastics.es\/wp-content\/uploads\/2024\/03\/701000_KKA_3D_19758L5mudwQlBzIT.jpg\" \/>\n\t<meta property=\"og:image:width\" content=\"1600\" \/>\n\t<meta property=\"og:image:height\" content=\"861\" \/>\n\t<meta property=\"og:image:type\" content=\"image\/jpeg\" \/>\n<meta name=\"twitter:card\" content=\"summary_large_image\" \/>\n<script type=\"application\/ld+json\" class=\"yoast-schema-graph\">{\"@context\":\"https:\/\/schema.org\",\"@graph\":[{\"@type\":\"WebPage\",\"@id\":\"https:\/\/yourplastics.es\/ca\/producto\/lloseta-cobertura-industrial\/\",\"url\":\"https:\/\/yourplastics.es\/ca\/producto\/lloseta-cobertura-industrial\/\",\"name\":\"Lloseta cobertura industrial - Yourplastics.es\",\"isPartOf\":{\"@id\":\"https:\/\/yourplastics.es\/#website\"},\"primaryImageOfPage\":{\"@id\":\"https:\/\/yourplastics.es\/ca\/producto\/lloseta-cobertura-industrial\/#primaryimage\"},\"image\":{\"@id\":\"https:\/\/yourplastics.es\/ca\/producto\/lloseta-cobertura-industrial\/#primaryimage\"},\"thumbnailUrl\":\"https:\/\/yourplastics.es\/wp-content\/uploads\/2024\/03\/701000_KKA_3D_19758L5mudwQlBzIT.jpg\",\"datePublished\":\"2024-03-04T09:28:01+00:00\",\"dateModified\":\"2024-05-27T07:58:35+00:00\",\"breadcrumb\":{\"@id\":\"https:\/\/yourplastics.es\/ca\/producto\/lloseta-cobertura-industrial\/#breadcrumb\"},\"inLanguage\":\"ca\",\"potentialAction\":[{\"@type\":\"ReadAction\",\"target\":[\"https:\/\/yourplastics.es\/ca\/producto\/lloseta-cobertura-industrial\/\"]}]},{\"@type\":\"ImageObject\",\"inLanguage\":\"ca\",\"@id\":\"https:\/\/yourplastics.es\/ca\/producto\/lloseta-cobertura-industrial\/#primaryimage\",\"url\":\"https:\/\/yourplastics.es\/wp-content\/uploads\/2024\/03\/701000_KKA_3D_19758L5mudwQlBzIT.jpg\",\"contentUrl\":\"https:\/\/yourplastics.es\/wp-content\/uploads\/2024\/03\/701000_KKA_3D_19758L5mudwQlBzIT.jpg\",\"width\":1600,\"height\":861},{\"@type\":\"BreadcrumbList\",\"@id\":\"https:\/\/yourplastics.es\/ca\/producto\/lloseta-cobertura-industrial\/#breadcrumb\",\"itemListElement\":[{\"@type\":\"ListItem\",\"position\":1,\"name\":\"Home\",\"item\":\"https:\/\/yourplastics.es\/ca\/\"},{\"@type\":\"ListItem\",\"position\":2,\"name\":\"Botiga\",\"item\":\"https:\/\/yourplastics.es\/ca\/tienda-2\/\"},{\"@type\":\"ListItem\",\"position\":3,\"name\":\"Lloseta cobertura industrial\"}]},{\"@type\":\"WebSite\",\"@id\":\"https:\/\/yourplastics.es\/#website\",\"url\":\"https:\/\/yourplastics.es\/\",\"name\":\"Yourplastics\",\"description\":\"\",\"publisher\":{\"@id\":\"https:\/\/yourplastics.es\/#organization\"},\"potentialAction\":[{\"@type\":\"SearchAction\",\"target\":{\"@type\":\"EntryPoint\",\"urlTemplate\":\"https:\/\/yourplastics.es\/?s={search_term_string}\"},\"query-input\":\"required name=search_term_string\"}],\"inLanguage\":\"ca\"},{\"@type\":\"Organization\",\"@id\":\"https:\/\/yourplastics.es\/#organization\",\"name\":\"Yourplastics\",\"url\":\"https:\/\/yourplastics.es\/\",\"logo\":{\"@type\":\"ImageObject\",\"inLanguage\":\"ca\",\"@id\":\"https:\/\/yourplastics.es\/#\/schema\/logo\/image\/\",\"url\":\"https:\/\/yourplastics.es\/wp-content\/uploads\/2024\/08\/logo2-400x163-1.png\",\"contentUrl\":\"https:\/\/yourplastics.es\/wp-content\/uploads\/2024\/08\/logo2-400x163-1.png\",\"width\":400,\"height\":163,\"caption\":\"Yourplastics\"},\"image\":{\"@id\":\"https:\/\/yourplastics.es\/#\/schema\/logo\/image\/\"}}]}<\/script>\n<!-- \/ Yoast SEO plugin. -->","yoast_head_json":{"title":"Lloseta cobertura industrial - Yourplastics.es","robots":{"index":"index","follow":"follow","max-snippet":"max-snippet:-1","max-image-preview":"max-image-preview:large","max-video-preview":"max-video-preview:-1"},"canonical":"https:\/\/yourplastics.es\/ca\/producto\/lloseta-cobertura-industrial\/","og_locale":"ca_ES","og_type":"article","og_title":"Lloseta cobertura industrial - Yourplastics.es","og_description":"Informaci\u00f3 del producte \"Tapa per cable canal\"   Aquesta placa patentada \u00e9s la indicada com a tapa de tots els canals o targetes existents. Tant a les construccions noves per\u00f2 especialment a la renovaci\u00f3 de les existents com per exemple les de fusta o ciment. Aquestes tapes brinden una soluci\u00f3 \u00f2ptima tant pel que fa a l'aspecte t\u00e8cnic com econ\u00f2mic i ecol\u00f2gic.","og_url":"https:\/\/yourplastics.es\/ca\/producto\/lloseta-cobertura-industrial\/","og_site_name":"Yourplastics.es","article_modified_time":"2024-05-27T07:58:35+00:00","og_image":[{"width":1600,"height":861,"url":"https:\/\/yourplastics.es\/wp-content\/uploads\/2024\/03\/701000_KKA_3D_19758L5mudwQlBzIT.jpg","type":"image\/jpeg"}],"twitter_card":"summary_large_image","schema":{"@context":"https:\/\/schema.org","@graph":[{"@type":"WebPage","@id":"https:\/\/yourplastics.es\/ca\/producto\/lloseta-cobertura-industrial\/","url":"https:\/\/yourplastics.es\/ca\/producto\/lloseta-cobertura-industrial\/","name":"Lloseta cobertura industrial - Yourplastics.es","isPartOf":{"@id":"https:\/\/yourplastics.es\/#website"},"primaryImageOfPage":{"@id":"https:\/\/yourplastics.es\/ca\/producto\/lloseta-cobertura-industrial\/#primaryimage"},"image":{"@id":"https:\/\/yourplastics.es\/ca\/producto\/lloseta-cobertura-industrial\/#primaryimage"},"thumbnailUrl":"https:\/\/yourplastics.es\/wp-content\/uploads\/2024\/03\/701000_KKA_3D_19758L5mudwQlBzIT.jpg","datePublished":"2024-03-04T09:28:01+00:00","dateModified":"2024-05-27T07:58:35+00:00","breadcrumb":{"@id":"https:\/\/yourplastics.es\/ca\/producto\/lloseta-cobertura-industrial\/#breadcrumb"},"inLanguage":"ca","potentialAction":[{"@type":"ReadAction","target":["https:\/\/yourplastics.es\/ca\/producto\/lloseta-cobertura-industrial\/"]}]},{"@type":"ImageObject","inLanguage":"ca","@id":"https:\/\/yourplastics.es\/ca\/producto\/lloseta-cobertura-industrial\/#primaryimage","url":"https:\/\/yourplastics.es\/wp-content\/uploads\/2024\/03\/701000_KKA_3D_19758L5mudwQlBzIT.jpg","contentUrl":"https:\/\/yourplastics.es\/wp-content\/uploads\/2024\/03\/701000_KKA_3D_19758L5mudwQlBzIT.jpg","width":1600,"height":861},{"@type":"BreadcrumbList","@id":"https:\/\/yourplastics.es\/ca\/producto\/lloseta-cobertura-industrial\/#breadcrumb","itemListElement":[{"@type":"ListItem","position":1,"name":"Home","item":"https:\/\/yourplastics.es\/ca\/"},{"@type":"ListItem","position":2,"name":"Botiga","item":"https:\/\/yourplastics.es\/ca\/tienda-2\/"},{"@type":"ListItem","position":3,"name":"Lloseta cobertura industrial"}]},{"@type":"WebSite","@id":"https:\/\/yourplastics.es\/#website","url":"https:\/\/yourplastics.es\/","name":"Yourplastics","description":"","publisher":{"@id":"https:\/\/yourplastics.es\/#organization"},"potentialAction":[{"@type":"SearchAction","target":{"@type":"EntryPoint","urlTemplate":"https:\/\/yourplastics.es\/?s={search_term_string}"},"query-input":"required name=search_term_string"}],"inLanguage":"ca"},{"@type":"Organization","@id":"https:\/\/yourplastics.es\/#organization","name":"Yourplastics","url":"https:\/\/yourplastics.es\/","logo":{"@type":"ImageObject","inLanguage":"ca","@id":"https:\/\/yourplastics.es\/#\/schema\/logo\/image\/","url":"https:\/\/yourplastics.es\/wp-content\/uploads\/2024\/08\/logo2-400x163-1.png","contentUrl":"https:\/\/yourplastics.es\/wp-content\/uploads\/2024\/08\/logo2-400x163-1.png","width":400,"height":163,"caption":"Yourplastics"},"image":{"@id":"https:\/\/yourplastics.es\/#\/schema\/logo\/image\/"}}]}},"_links":{"self":[{"href":"https:\/\/yourplastics.es\/ca\/wp-json\/wp\/v2\/product\/6185","targetHints":{"allow":["GET"]}}],"collection":[{"href":"https:\/\/yourplastics.es\/ca\/wp-json\/wp\/v2\/product"}],"about":[{"href":"https:\/\/yourplastics.es\/ca\/wp-json\/wp\/v2\/types\/product"}],"replies":[{"embeddable":true,"href":"https:\/\/yourplastics.es\/ca\/wp-json\/wp\/v2\/comments?post=6185"}],"wp:featuredmedia":[{"embeddable":true,"href":"https:\/\/yourplastics.es\/ca\/wp-json\/wp\/v2\/media\/3725"}],"wp:attachment":[{"href":"https:\/\/yourplastics.es\/ca\/wp-json\/wp\/v2\/media?parent=6185"}],"wp:term":[{"taxonomy":"product_cat","embeddable":true,"href":"https:\/\/yourplastics.es\/ca\/wp-json\/wp\/v2\/product_cat?post=6185"},{"taxonomy":"product_tag","embeddable":true,"href":"https:\/\/yourplastics.es\/ca\/wp-json\/wp\/v2\/product_tag?post=6185"}],"curies":[{"name":"wp","href":"https:\/\/api.w.org\/{rel}","templated":true}]}}