{"id":6155,"date":"2024-03-04T09:28:32","date_gmt":"2024-03-04T09:28:32","guid":{"rendered":"https:\/\/yourplastics.es\/producto\/reixetes-per-a-terres\/"},"modified":"2024-03-04T09:28:32","modified_gmt":"2024-03-04T09:28:32","slug":"reixetes-per-a-terres","status":"publish","type":"product","link":"https:\/\/yourplastics.es\/ca\/producto\/reixetes-per-a-terres\/","title":{"rendered":"Reixetes per a terres"},"content":{"rendered":"","protected":false},"excerpt":{"rendered":"<div class=\"content--title\">Informaci\u00f3 del producte &#8220;Reixetes per a terres&#8221;<\/div>\n<div class=\"product--description\">\n<p>Els nervis longitudinals i transversals de la part inferior de la reixeta tenen les mateixes dimensions i aix\u00ed poden portar c\u00e0rregues en les dues direccions. La mida de les obertures de la malla (25 x 25 mm) ha estat elegit deliberadament per a:<br \/>\n\u00bb prevenir la caiguda de petites peces (per exemple el farciment del Bioflitre)<br \/>\n\u00bb donar a terra una \u00e0mplia \u00e0rea de ventilaci\u00f3 assegurant aix\u00ed una alta permeabilitat a l&#8217;aire.<br \/>\nAquest sistema consisteix en: reixetes de 100 x 50 x 8 cm (L x An x Al) amb una alta capacitat de c\u00e0rrega, i als suports corresponents en longituds que van des de 30 a 100 cm, amb un di\u00e0metre de 15 cm.<\/p>\n<\/div>\n","protected":false},"featured_media":3747,"comment_status":"closed","ping_status":"closed","template":"","meta":[],"product_cat":[202],"product_tag":[],"class_list":{"0":"post-6155","1":"product","2":"type-product","3":"status-publish","4":"has-post-thumbnail","6":"product_cat-projectes-industrials","8":"first","9":"instock","10":"featured","11":"shipping-taxable","12":"product-type-simple"},"yoast_head":"<!-- This site is optimized with the Yoast SEO plugin v23.2 - https:\/\/yoast.com\/wordpress\/plugins\/seo\/ -->\n<title>Reixetes per a terres - Yourplastics.es<\/title>\n<meta name=\"robots\" content=\"index, follow, max-snippet:-1, max-image-preview:large, max-video-preview:-1\" \/>\n<link rel=\"canonical\" href=\"https:\/\/yourplastics.es\/ca\/producto\/reixetes-per-a-terres\/\" \/>\n<meta property=\"og:locale\" content=\"ca_ES\" \/>\n<meta property=\"og:type\" content=\"article\" \/>\n<meta property=\"og:title\" content=\"Reixetes per a terres - Yourplastics.es\" \/>\n<meta property=\"og:description\" content=\"Informaci\u00f3 del producte &quot;Reixetes per a terres&quot;  Els nervis longitudinals i transversals de la part inferior de la reixeta tenen les mateixes dimensions i aix\u00ed poden portar c\u00e0rregues en les dues direccions. La mida de les obertures de la malla (25 x 25 mm) ha estat elegit deliberadament per a: \u00bb prevenir la caiguda de petites peces (per exemple el farciment del Bioflitre) \u00bb donar a terra una \u00e0mplia \u00e0rea de ventilaci\u00f3 assegurant aix\u00ed una alta permeabilitat a l&#039;aire. Aquest sistema consisteix en: reixetes de 100 x 50 x 8 cm (L x An x Al) amb una alta capacitat de c\u00e0rrega, i als suports corresponents en longituds que van des de 30 a 100 cm, amb un di\u00e0metre de 15 cm.\" \/>\n<meta property=\"og:url\" content=\"https:\/\/yourplastics.es\/ca\/producto\/reixetes-per-a-terres\/\" \/>\n<meta property=\"og:site_name\" content=\"Yourplastics.es\" \/>\n<meta property=\"og:image\" content=\"https:\/\/yourplastics.es\/wp-content\/uploads\/2024\/03\/707000_Gitterrostboden_mitFuessen_3D_2508.jpg\" \/>\n\t<meta property=\"og:image:width\" content=\"1600\" \/>\n\t<meta property=\"og:image:height\" content=\"659\" \/>\n\t<meta property=\"og:image:type\" content=\"image\/jpeg\" \/>\n<meta name=\"twitter:card\" content=\"summary_large_image\" \/>\n<script type=\"application\/ld+json\" class=\"yoast-schema-graph\">{\"@context\":\"https:\/\/schema.org\",\"@graph\":[{\"@type\":\"WebPage\",\"@id\":\"https:\/\/yourplastics.es\/ca\/producto\/reixetes-per-a-terres\/\",\"url\":\"https:\/\/yourplastics.es\/ca\/producto\/reixetes-per-a-terres\/\",\"name\":\"Reixetes per a terres - Yourplastics.es\",\"isPartOf\":{\"@id\":\"https:\/\/yourplastics.es\/#website\"},\"primaryImageOfPage\":{\"@id\":\"https:\/\/yourplastics.es\/ca\/producto\/reixetes-per-a-terres\/#primaryimage\"},\"image\":{\"@id\":\"https:\/\/yourplastics.es\/ca\/producto\/reixetes-per-a-terres\/#primaryimage\"},\"thumbnailUrl\":\"https:\/\/yourplastics.es\/wp-content\/uploads\/2024\/03\/707000_Gitterrostboden_mitFuessen_3D_2508.jpg\",\"datePublished\":\"2024-03-04T09:28:32+00:00\",\"dateModified\":\"2024-03-04T09:28:32+00:00\",\"breadcrumb\":{\"@id\":\"https:\/\/yourplastics.es\/ca\/producto\/reixetes-per-a-terres\/#breadcrumb\"},\"inLanguage\":\"ca\",\"potentialAction\":[{\"@type\":\"ReadAction\",\"target\":[\"https:\/\/yourplastics.es\/ca\/producto\/reixetes-per-a-terres\/\"]}]},{\"@type\":\"ImageObject\",\"inLanguage\":\"ca\",\"@id\":\"https:\/\/yourplastics.es\/ca\/producto\/reixetes-per-a-terres\/#primaryimage\",\"url\":\"https:\/\/yourplastics.es\/wp-content\/uploads\/2024\/03\/707000_Gitterrostboden_mitFuessen_3D_2508.jpg\",\"contentUrl\":\"https:\/\/yourplastics.es\/wp-content\/uploads\/2024\/03\/707000_Gitterrostboden_mitFuessen_3D_2508.jpg\",\"width\":1600,\"height\":659},{\"@type\":\"BreadcrumbList\",\"@id\":\"https:\/\/yourplastics.es\/ca\/producto\/reixetes-per-a-terres\/#breadcrumb\",\"itemListElement\":[{\"@type\":\"ListItem\",\"position\":1,\"name\":\"Home\",\"item\":\"https:\/\/yourplastics.es\/ca\/\"},{\"@type\":\"ListItem\",\"position\":2,\"name\":\"Botiga\",\"item\":\"https:\/\/yourplastics.es\/ca\/tienda-2\/\"},{\"@type\":\"ListItem\",\"position\":3,\"name\":\"Reixetes per a terres\"}]},{\"@type\":\"WebSite\",\"@id\":\"https:\/\/yourplastics.es\/#website\",\"url\":\"https:\/\/yourplastics.es\/\",\"name\":\"Yourplastics\",\"description\":\"\",\"publisher\":{\"@id\":\"https:\/\/yourplastics.es\/#organization\"},\"potentialAction\":[{\"@type\":\"SearchAction\",\"target\":{\"@type\":\"EntryPoint\",\"urlTemplate\":\"https:\/\/yourplastics.es\/?s={search_term_string}\"},\"query-input\":\"required name=search_term_string\"}],\"inLanguage\":\"ca\"},{\"@type\":\"Organization\",\"@id\":\"https:\/\/yourplastics.es\/#organization\",\"name\":\"Yourplastics\",\"url\":\"https:\/\/yourplastics.es\/\",\"logo\":{\"@type\":\"ImageObject\",\"inLanguage\":\"ca\",\"@id\":\"https:\/\/yourplastics.es\/#\/schema\/logo\/image\/\",\"url\":\"https:\/\/yourplastics.es\/wp-content\/uploads\/2024\/08\/logo2-400x163-1.png\",\"contentUrl\":\"https:\/\/yourplastics.es\/wp-content\/uploads\/2024\/08\/logo2-400x163-1.png\",\"width\":400,\"height\":163,\"caption\":\"Yourplastics\"},\"image\":{\"@id\":\"https:\/\/yourplastics.es\/#\/schema\/logo\/image\/\"}}]}<\/script>\n<!-- \/ Yoast SEO plugin. -->","yoast_head_json":{"title":"Reixetes per a terres - Yourplastics.es","robots":{"index":"index","follow":"follow","max-snippet":"max-snippet:-1","max-image-preview":"max-image-preview:large","max-video-preview":"max-video-preview:-1"},"canonical":"https:\/\/yourplastics.es\/ca\/producto\/reixetes-per-a-terres\/","og_locale":"ca_ES","og_type":"article","og_title":"Reixetes per a terres - Yourplastics.es","og_description":"Informaci\u00f3 del producte \"Reixetes per a terres\"  Els nervis longitudinals i transversals de la part inferior de la reixeta tenen les mateixes dimensions i aix\u00ed poden portar c\u00e0rregues en les dues direccions. La mida de les obertures de la malla (25 x 25 mm) ha estat elegit deliberadament per a: \u00bb prevenir la caiguda de petites peces (per exemple el farciment del Bioflitre) \u00bb donar a terra una \u00e0mplia \u00e0rea de ventilaci\u00f3 assegurant aix\u00ed una alta permeabilitat a l'aire. Aquest sistema consisteix en: reixetes de 100 x 50 x 8 cm (L x An x Al) amb una alta capacitat de c\u00e0rrega, i als suports corresponents en longituds que van des de 30 a 100 cm, amb un di\u00e0metre de 15 cm.","og_url":"https:\/\/yourplastics.es\/ca\/producto\/reixetes-per-a-terres\/","og_site_name":"Yourplastics.es","og_image":[{"width":1600,"height":659,"url":"https:\/\/yourplastics.es\/wp-content\/uploads\/2024\/03\/707000_Gitterrostboden_mitFuessen_3D_2508.jpg","type":"image\/jpeg"}],"twitter_card":"summary_large_image","schema":{"@context":"https:\/\/schema.org","@graph":[{"@type":"WebPage","@id":"https:\/\/yourplastics.es\/ca\/producto\/reixetes-per-a-terres\/","url":"https:\/\/yourplastics.es\/ca\/producto\/reixetes-per-a-terres\/","name":"Reixetes per a terres - Yourplastics.es","isPartOf":{"@id":"https:\/\/yourplastics.es\/#website"},"primaryImageOfPage":{"@id":"https:\/\/yourplastics.es\/ca\/producto\/reixetes-per-a-terres\/#primaryimage"},"image":{"@id":"https:\/\/yourplastics.es\/ca\/producto\/reixetes-per-a-terres\/#primaryimage"},"thumbnailUrl":"https:\/\/yourplastics.es\/wp-content\/uploads\/2024\/03\/707000_Gitterrostboden_mitFuessen_3D_2508.jpg","datePublished":"2024-03-04T09:28:32+00:00","dateModified":"2024-03-04T09:28:32+00:00","breadcrumb":{"@id":"https:\/\/yourplastics.es\/ca\/producto\/reixetes-per-a-terres\/#breadcrumb"},"inLanguage":"ca","potentialAction":[{"@type":"ReadAction","target":["https:\/\/yourplastics.es\/ca\/producto\/reixetes-per-a-terres\/"]}]},{"@type":"ImageObject","inLanguage":"ca","@id":"https:\/\/yourplastics.es\/ca\/producto\/reixetes-per-a-terres\/#primaryimage","url":"https:\/\/yourplastics.es\/wp-content\/uploads\/2024\/03\/707000_Gitterrostboden_mitFuessen_3D_2508.jpg","contentUrl":"https:\/\/yourplastics.es\/wp-content\/uploads\/2024\/03\/707000_Gitterrostboden_mitFuessen_3D_2508.jpg","width":1600,"height":659},{"@type":"BreadcrumbList","@id":"https:\/\/yourplastics.es\/ca\/producto\/reixetes-per-a-terres\/#breadcrumb","itemListElement":[{"@type":"ListItem","position":1,"name":"Home","item":"https:\/\/yourplastics.es\/ca\/"},{"@type":"ListItem","position":2,"name":"Botiga","item":"https:\/\/yourplastics.es\/ca\/tienda-2\/"},{"@type":"ListItem","position":3,"name":"Reixetes per a terres"}]},{"@type":"WebSite","@id":"https:\/\/yourplastics.es\/#website","url":"https:\/\/yourplastics.es\/","name":"Yourplastics","description":"","publisher":{"@id":"https:\/\/yourplastics.es\/#organization"},"potentialAction":[{"@type":"SearchAction","target":{"@type":"EntryPoint","urlTemplate":"https:\/\/yourplastics.es\/?s={search_term_string}"},"query-input":"required name=search_term_string"}],"inLanguage":"ca"},{"@type":"Organization","@id":"https:\/\/yourplastics.es\/#organization","name":"Yourplastics","url":"https:\/\/yourplastics.es\/","logo":{"@type":"ImageObject","inLanguage":"ca","@id":"https:\/\/yourplastics.es\/#\/schema\/logo\/image\/","url":"https:\/\/yourplastics.es\/wp-content\/uploads\/2024\/08\/logo2-400x163-1.png","contentUrl":"https:\/\/yourplastics.es\/wp-content\/uploads\/2024\/08\/logo2-400x163-1.png","width":400,"height":163,"caption":"Yourplastics"},"image":{"@id":"https:\/\/yourplastics.es\/#\/schema\/logo\/image\/"}}]}},"_links":{"self":[{"href":"https:\/\/yourplastics.es\/ca\/wp-json\/wp\/v2\/product\/6155","targetHints":{"allow":["GET"]}}],"collection":[{"href":"https:\/\/yourplastics.es\/ca\/wp-json\/wp\/v2\/product"}],"about":[{"href":"https:\/\/yourplastics.es\/ca\/wp-json\/wp\/v2\/types\/product"}],"replies":[{"embeddable":true,"href":"https:\/\/yourplastics.es\/ca\/wp-json\/wp\/v2\/comments?post=6155"}],"wp:featuredmedia":[{"embeddable":true,"href":"https:\/\/yourplastics.es\/ca\/wp-json\/wp\/v2\/media\/3747"}],"wp:attachment":[{"href":"https:\/\/yourplastics.es\/ca\/wp-json\/wp\/v2\/media?parent=6155"}],"wp:term":[{"taxonomy":"product_cat","embeddable":true,"href":"https:\/\/yourplastics.es\/ca\/wp-json\/wp\/v2\/product_cat?post=6155"},{"taxonomy":"product_tag","embeddable":true,"href":"https:\/\/yourplastics.es\/ca\/wp-json\/wp\/v2\/product_tag?post=6155"}],"curies":[{"name":"wp","href":"https:\/\/api.w.org\/{rel}","templated":true}]}}