{"id":6152,"date":"2024-03-04T09:28:54","date_gmt":"2024-03-04T09:28:54","guid":{"rendered":"https:\/\/yourplastics.es\/producto\/bloc-de-suport-tunel\/"},"modified":"2024-03-11T11:04:13","modified_gmt":"2024-03-11T11:04:13","slug":"bloc-de-suport-tunel","status":"publish","type":"product","link":"https:\/\/yourplastics.es\/ca\/producto\/bloc-de-suport-tunel\/","title":{"rendered":"Bloc de suport T\u00fanel"},"content":{"rendered":"<ul>\n<li>A comanda amb botons antilliscants<\/li>\n<li>Alta Capacitat de C\u00e0rrega<\/li>\n<li>Dimensionalmente estables<\/li>\n<li>Format adaptable segons el projecte<\/li>\n<li>Emmagatzematge lliure de corrosi\u00f3 i tensions (3 punts)<\/li>\n<\/ul>\n<div class=\"table--section-header content--title\"><strong>Caracter\u00edstiques<\/strong><\/div>\n<table style=\"height: 77px;\" width=\"494\">\n<tbody>\n<tr>\n<td class=\"product--attribute\">Qualitat (Material)<\/td>\n<td class=\"product--attribute\">hanit<sup>\u00ae<\/sup><\/td>\n<\/tr>\n<tr>\n<td class=\"product--attribute\">Color<\/td>\n<td class=\"product--attribute\">gris<\/td>\n<\/tr>\n<tr>\n<td class=\"product--attribute\">\u00das previst<\/td>\n<td class=\"product--attribute\">Construcci\u00f3 de t\u00fanels<\/td>\n<\/tr>\n<\/tbody>\n<\/table>\n","protected":false},"excerpt":{"rendered":"<div class=\"content--title\">Informaci\u00f3 del producte &#8220;Bloc de suport T\u00fanel&#8221;<\/div>\n<div class=\"product--description\">\n<p>El nostre bloc de suport hanit<sup>\u00ae<\/sup> ha estat dissenyat espec\u00edficament per suportar les tensions extremes durant la construcci\u00f3 dels t\u00fanels. Amb una c\u00e0rrega \u00fatil de fins a 90 tones (depenent de la construcci\u00f3) s\u00f3n els blocs una ajuda ideal en l&#8217;\u00fas diari &#8211; tant durant el transport, l&#8217;emmagatzematge i fixaci\u00f3. Parlant de la seguretat: La torre de peces no pot col\u00b7lapsar, i durant el transport o emmagatzematge no es poden danyar les peces de formig\u00f3.<\/p>\n<\/div>\n","protected":false},"featured_media":5940,"comment_status":"closed","ping_status":"closed","template":"","meta":[],"product_cat":[202],"product_tag":[],"class_list":{"0":"post-6152","1":"product","2":"type-product","3":"status-publish","4":"has-post-thumbnail","6":"product_cat-projectes-industrials","8":"first","9":"instock","10":"shipping-taxable","11":"product-type-simple"},"yoast_head":"<!-- This site is optimized with the Yoast SEO plugin v23.2 - https:\/\/yoast.com\/wordpress\/plugins\/seo\/ -->\n<title>Bloc de suport T\u00fanel - Yourplastics.es<\/title>\n<meta name=\"robots\" content=\"index, follow, max-snippet:-1, max-image-preview:large, max-video-preview:-1\" \/>\n<link rel=\"canonical\" href=\"https:\/\/yourplastics.es\/ca\/producto\/bloc-de-suport-tunel\/\" \/>\n<meta property=\"og:locale\" content=\"ca_ES\" \/>\n<meta property=\"og:type\" content=\"article\" \/>\n<meta property=\"og:title\" content=\"Bloc de suport T\u00fanel - Yourplastics.es\" \/>\n<meta property=\"og:description\" content=\"Informaci\u00f3 del producte &quot;Bloc de suport T\u00fanel&quot;  El nostre bloc de suport hanit\u00ae ha estat dissenyat espec\u00edficament per suportar les tensions extremes durant la construcci\u00f3 dels t\u00fanels. Amb una c\u00e0rrega \u00fatil de fins a 90 tones (depenent de la construcci\u00f3) s\u00f3n els blocs una ajuda ideal en l&#039;\u00fas diari - tant durant el transport, l&#039;emmagatzematge i fixaci\u00f3. Parlant de la seguretat: La torre de peces no pot col\u00b7lapsar, i durant el transport o emmagatzematge no es poden danyar les peces de formig\u00f3.\" \/>\n<meta property=\"og:url\" content=\"https:\/\/yourplastics.es\/ca\/producto\/bloc-de-suport-tunel\/\" \/>\n<meta property=\"og:site_name\" content=\"Yourplastics.es\" \/>\n<meta property=\"article:modified_time\" content=\"2024-03-11T11:04:13+00:00\" \/>\n<meta property=\"og:image\" content=\"https:\/\/yourplastics.es\/wp-content\/uploads\/2024\/03\/x10000x_Tuebbingkloetze_3D_2500.jpg\" \/>\n\t<meta property=\"og:image:width\" content=\"1600\" \/>\n\t<meta property=\"og:image:height\" content=\"933\" \/>\n\t<meta property=\"og:image:type\" content=\"image\/jpeg\" \/>\n<meta name=\"twitter:card\" content=\"summary_large_image\" \/>\n<script type=\"application\/ld+json\" class=\"yoast-schema-graph\">{\"@context\":\"https:\/\/schema.org\",\"@graph\":[{\"@type\":\"WebPage\",\"@id\":\"https:\/\/yourplastics.es\/ca\/producto\/bloc-de-suport-tunel\/\",\"url\":\"https:\/\/yourplastics.es\/ca\/producto\/bloc-de-suport-tunel\/\",\"name\":\"Bloc de suport T\u00fanel - Yourplastics.es\",\"isPartOf\":{\"@id\":\"https:\/\/yourplastics.es\/#website\"},\"primaryImageOfPage\":{\"@id\":\"https:\/\/yourplastics.es\/ca\/producto\/bloc-de-suport-tunel\/#primaryimage\"},\"image\":{\"@id\":\"https:\/\/yourplastics.es\/ca\/producto\/bloc-de-suport-tunel\/#primaryimage\"},\"thumbnailUrl\":\"https:\/\/yourplastics.es\/wp-content\/uploads\/2024\/03\/x10000x_Tuebbingkloetze_3D_2500.jpg\",\"datePublished\":\"2024-03-04T09:28:54+00:00\",\"dateModified\":\"2024-03-11T11:04:13+00:00\",\"breadcrumb\":{\"@id\":\"https:\/\/yourplastics.es\/ca\/producto\/bloc-de-suport-tunel\/#breadcrumb\"},\"inLanguage\":\"ca\",\"potentialAction\":[{\"@type\":\"ReadAction\",\"target\":[\"https:\/\/yourplastics.es\/ca\/producto\/bloc-de-suport-tunel\/\"]}]},{\"@type\":\"ImageObject\",\"inLanguage\":\"ca\",\"@id\":\"https:\/\/yourplastics.es\/ca\/producto\/bloc-de-suport-tunel\/#primaryimage\",\"url\":\"https:\/\/yourplastics.es\/wp-content\/uploads\/2024\/03\/x10000x_Tuebbingkloetze_3D_2500.jpg\",\"contentUrl\":\"https:\/\/yourplastics.es\/wp-content\/uploads\/2024\/03\/x10000x_Tuebbingkloetze_3D_2500.jpg\",\"width\":1600,\"height\":933},{\"@type\":\"BreadcrumbList\",\"@id\":\"https:\/\/yourplastics.es\/ca\/producto\/bloc-de-suport-tunel\/#breadcrumb\",\"itemListElement\":[{\"@type\":\"ListItem\",\"position\":1,\"name\":\"Home\",\"item\":\"https:\/\/yourplastics.es\/ca\/\"},{\"@type\":\"ListItem\",\"position\":2,\"name\":\"Botiga\",\"item\":\"https:\/\/yourplastics.es\/ca\/tienda-2\/\"},{\"@type\":\"ListItem\",\"position\":3,\"name\":\"Bloc de suport T\u00fanel\"}]},{\"@type\":\"WebSite\",\"@id\":\"https:\/\/yourplastics.es\/#website\",\"url\":\"https:\/\/yourplastics.es\/\",\"name\":\"Yourplastics\",\"description\":\"\",\"publisher\":{\"@id\":\"https:\/\/yourplastics.es\/#organization\"},\"potentialAction\":[{\"@type\":\"SearchAction\",\"target\":{\"@type\":\"EntryPoint\",\"urlTemplate\":\"https:\/\/yourplastics.es\/?s={search_term_string}\"},\"query-input\":\"required name=search_term_string\"}],\"inLanguage\":\"ca\"},{\"@type\":\"Organization\",\"@id\":\"https:\/\/yourplastics.es\/#organization\",\"name\":\"Yourplastics\",\"url\":\"https:\/\/yourplastics.es\/\",\"logo\":{\"@type\":\"ImageObject\",\"inLanguage\":\"ca\",\"@id\":\"https:\/\/yourplastics.es\/#\/schema\/logo\/image\/\",\"url\":\"https:\/\/yourplastics.es\/wp-content\/uploads\/2024\/08\/logo2-400x163-1.png\",\"contentUrl\":\"https:\/\/yourplastics.es\/wp-content\/uploads\/2024\/08\/logo2-400x163-1.png\",\"width\":400,\"height\":163,\"caption\":\"Yourplastics\"},\"image\":{\"@id\":\"https:\/\/yourplastics.es\/#\/schema\/logo\/image\/\"}}]}<\/script>\n<!-- \/ Yoast SEO plugin. -->","yoast_head_json":{"title":"Bloc de suport T\u00fanel - Yourplastics.es","robots":{"index":"index","follow":"follow","max-snippet":"max-snippet:-1","max-image-preview":"max-image-preview:large","max-video-preview":"max-video-preview:-1"},"canonical":"https:\/\/yourplastics.es\/ca\/producto\/bloc-de-suport-tunel\/","og_locale":"ca_ES","og_type":"article","og_title":"Bloc de suport T\u00fanel - Yourplastics.es","og_description":"Informaci\u00f3 del producte \"Bloc de suport T\u00fanel\"  El nostre bloc de suport hanit\u00ae ha estat dissenyat espec\u00edficament per suportar les tensions extremes durant la construcci\u00f3 dels t\u00fanels. Amb una c\u00e0rrega \u00fatil de fins a 90 tones (depenent de la construcci\u00f3) s\u00f3n els blocs una ajuda ideal en l'\u00fas diari - tant durant el transport, l'emmagatzematge i fixaci\u00f3. Parlant de la seguretat: La torre de peces no pot col\u00b7lapsar, i durant el transport o emmagatzematge no es poden danyar les peces de formig\u00f3.","og_url":"https:\/\/yourplastics.es\/ca\/producto\/bloc-de-suport-tunel\/","og_site_name":"Yourplastics.es","article_modified_time":"2024-03-11T11:04:13+00:00","og_image":[{"width":1600,"height":933,"url":"https:\/\/yourplastics.es\/wp-content\/uploads\/2024\/03\/x10000x_Tuebbingkloetze_3D_2500.jpg","type":"image\/jpeg"}],"twitter_card":"summary_large_image","schema":{"@context":"https:\/\/schema.org","@graph":[{"@type":"WebPage","@id":"https:\/\/yourplastics.es\/ca\/producto\/bloc-de-suport-tunel\/","url":"https:\/\/yourplastics.es\/ca\/producto\/bloc-de-suport-tunel\/","name":"Bloc de suport T\u00fanel - Yourplastics.es","isPartOf":{"@id":"https:\/\/yourplastics.es\/#website"},"primaryImageOfPage":{"@id":"https:\/\/yourplastics.es\/ca\/producto\/bloc-de-suport-tunel\/#primaryimage"},"image":{"@id":"https:\/\/yourplastics.es\/ca\/producto\/bloc-de-suport-tunel\/#primaryimage"},"thumbnailUrl":"https:\/\/yourplastics.es\/wp-content\/uploads\/2024\/03\/x10000x_Tuebbingkloetze_3D_2500.jpg","datePublished":"2024-03-04T09:28:54+00:00","dateModified":"2024-03-11T11:04:13+00:00","breadcrumb":{"@id":"https:\/\/yourplastics.es\/ca\/producto\/bloc-de-suport-tunel\/#breadcrumb"},"inLanguage":"ca","potentialAction":[{"@type":"ReadAction","target":["https:\/\/yourplastics.es\/ca\/producto\/bloc-de-suport-tunel\/"]}]},{"@type":"ImageObject","inLanguage":"ca","@id":"https:\/\/yourplastics.es\/ca\/producto\/bloc-de-suport-tunel\/#primaryimage","url":"https:\/\/yourplastics.es\/wp-content\/uploads\/2024\/03\/x10000x_Tuebbingkloetze_3D_2500.jpg","contentUrl":"https:\/\/yourplastics.es\/wp-content\/uploads\/2024\/03\/x10000x_Tuebbingkloetze_3D_2500.jpg","width":1600,"height":933},{"@type":"BreadcrumbList","@id":"https:\/\/yourplastics.es\/ca\/producto\/bloc-de-suport-tunel\/#breadcrumb","itemListElement":[{"@type":"ListItem","position":1,"name":"Home","item":"https:\/\/yourplastics.es\/ca\/"},{"@type":"ListItem","position":2,"name":"Botiga","item":"https:\/\/yourplastics.es\/ca\/tienda-2\/"},{"@type":"ListItem","position":3,"name":"Bloc de suport T\u00fanel"}]},{"@type":"WebSite","@id":"https:\/\/yourplastics.es\/#website","url":"https:\/\/yourplastics.es\/","name":"Yourplastics","description":"","publisher":{"@id":"https:\/\/yourplastics.es\/#organization"},"potentialAction":[{"@type":"SearchAction","target":{"@type":"EntryPoint","urlTemplate":"https:\/\/yourplastics.es\/?s={search_term_string}"},"query-input":"required name=search_term_string"}],"inLanguage":"ca"},{"@type":"Organization","@id":"https:\/\/yourplastics.es\/#organization","name":"Yourplastics","url":"https:\/\/yourplastics.es\/","logo":{"@type":"ImageObject","inLanguage":"ca","@id":"https:\/\/yourplastics.es\/#\/schema\/logo\/image\/","url":"https:\/\/yourplastics.es\/wp-content\/uploads\/2024\/08\/logo2-400x163-1.png","contentUrl":"https:\/\/yourplastics.es\/wp-content\/uploads\/2024\/08\/logo2-400x163-1.png","width":400,"height":163,"caption":"Yourplastics"},"image":{"@id":"https:\/\/yourplastics.es\/#\/schema\/logo\/image\/"}}]}},"_links":{"self":[{"href":"https:\/\/yourplastics.es\/ca\/wp-json\/wp\/v2\/product\/6152","targetHints":{"allow":["GET"]}}],"collection":[{"href":"https:\/\/yourplastics.es\/ca\/wp-json\/wp\/v2\/product"}],"about":[{"href":"https:\/\/yourplastics.es\/ca\/wp-json\/wp\/v2\/types\/product"}],"replies":[{"embeddable":true,"href":"https:\/\/yourplastics.es\/ca\/wp-json\/wp\/v2\/comments?post=6152"}],"wp:featuredmedia":[{"embeddable":true,"href":"https:\/\/yourplastics.es\/ca\/wp-json\/wp\/v2\/media\/5940"}],"wp:attachment":[{"href":"https:\/\/yourplastics.es\/ca\/wp-json\/wp\/v2\/media?parent=6152"}],"wp:term":[{"taxonomy":"product_cat","embeddable":true,"href":"https:\/\/yourplastics.es\/ca\/wp-json\/wp\/v2\/product_cat?post=6152"},{"taxonomy":"product_tag","embeddable":true,"href":"https:\/\/yourplastics.es\/ca\/wp-json\/wp\/v2\/product_tag?post=6152"}],"curies":[{"name":"wp","href":"https:\/\/api.w.org\/{rel}","templated":true}]}}