{"id":6145,"date":"2024-03-04T09:29:41","date_gmt":"2024-03-04T09:29:41","guid":{"rendered":"https:\/\/yourplastics.es\/producto\/paperera-modular-cuadrada\/"},"modified":"2024-03-04T09:29:41","modified_gmt":"2024-03-04T09:29:41","slug":"paperera-modular-cuadrada","status":"publish","type":"product","link":"https:\/\/yourplastics.es\/ca\/producto\/paperera-modular-cuadrada\/","title":{"rendered":"PAPERERA MODULAR CUADRADA"},"content":{"rendered":"<p><img decoding=\"async\" class=\"lazyload alignnone size-medium wp-image-8268\" src=\"data:image\/svg+xml,%3Csvg%20xmlns%3D%27http%3A%2F%2Fwww.w3.org%2F2000%2Fsvg%27%20width%3D%27300%27%20height%3D%27240%27%20viewBox%3D%270%200%20300%20240%27%3E%3Crect%20width%3D%27300%27%20height%3D%27240%27%20fill-opacity%3D%220%22%2F%3E%3C%2Fsvg%3E\" data-orig-src=\"https:\/\/yourplastics.net\/wp-content\/uploads\/2020\/11\/papelera-selectiva-7w-300x240.jpg\" alt=\"\" width=\"300\" height=\"240\"> <img decoding=\"async\" class=\"lazyload alignnone size-medium wp-image-8266\" src=\"data:image\/svg+xml,%3Csvg%20xmlns%3D%27http%3A%2F%2Fwww.w3.org%2F2000%2Fsvg%27%20width%3D%27300%27%20height%3D%27240%27%20viewBox%3D%270%200%20300%20240%27%3E%3Crect%20width%3D%27300%27%20height%3D%27240%27%20fill-opacity%3D%220%22%2F%3E%3C%2Fsvg%3E\" data-orig-src=\"https:\/\/yourplastics.net\/wp-content\/uploads\/2020\/11\/papelera-selectiva-6w-300x240.jpg\" alt=\"\" width=\"300\" height=\"240\"><\/p>\n<p>&nbsp;<\/p>\n","protected":false},"excerpt":{"rendered":"<ul>\n<li>L\u00ednea moderna i resistent.<\/li>\n<li>M\u00f2dul amb diversos compartiments per allotjar contenidors.<\/li>\n<li>Cada departament est\u00e0 identificat amb el color pertanyent al tipus de residu i alhora incorpora una tapa que prev\u00e9 la propagaci\u00f3 de les males olors.<\/li>\n<\/ul>\n","protected":false},"featured_media":5979,"comment_status":"closed","ping_status":"closed","template":"","meta":[],"product_cat":[159,160],"product_tag":[],"class_list":{"0":"post-6145","1":"product","2":"type-product","3":"status-publish","4":"has-post-thumbnail","6":"product_cat-ecopunts","7":"product_cat-papereres-selectives","9":"first","10":"instock","11":"featured","12":"shipping-taxable","13":"product-type-simple"},"yoast_head":"<!-- This site is optimized with the Yoast SEO plugin v23.2 - https:\/\/yoast.com\/wordpress\/plugins\/seo\/ -->\n<title>PAPERERA MODULAR CUADRADA - Yourplastics.es<\/title>\n<meta name=\"robots\" content=\"index, follow, max-snippet:-1, max-image-preview:large, max-video-preview:-1\" \/>\n<link rel=\"canonical\" href=\"https:\/\/yourplastics.es\/ca\/producto\/paperera-modular-cuadrada\/\" \/>\n<meta property=\"og:locale\" content=\"ca_ES\" \/>\n<meta property=\"og:type\" content=\"article\" \/>\n<meta property=\"og:title\" content=\"PAPERERA MODULAR CUADRADA - Yourplastics.es\" \/>\n<meta property=\"og:description\" content=\"L\u00ednea moderna i resistent.  M\u00f2dul amb diversos compartiments per allotjar contenidors.  Cada departament est\u00e0 identificat amb el color pertanyent al tipus de residu i alhora incorpora una tapa que prev\u00e9 la propagaci\u00f3 de les males olors.\" \/>\n<meta property=\"og:url\" content=\"https:\/\/yourplastics.es\/ca\/producto\/paperera-modular-cuadrada\/\" \/>\n<meta property=\"og:site_name\" content=\"Yourplastics.es\" \/>\n<meta property=\"og:image\" content=\"https:\/\/yourplastics.es\/wp-content\/uploads\/2024\/03\/3.jpg\" \/>\n\t<meta property=\"og:image:width\" content=\"943\" \/>\n\t<meta property=\"og:image:height\" content=\"849\" \/>\n\t<meta property=\"og:image:type\" content=\"image\/jpeg\" \/>\n<meta name=\"twitter:card\" content=\"summary_large_image\" \/>\n<script type=\"application\/ld+json\" class=\"yoast-schema-graph\">{\"@context\":\"https:\/\/schema.org\",\"@graph\":[{\"@type\":\"WebPage\",\"@id\":\"https:\/\/yourplastics.es\/ca\/producto\/paperera-modular-cuadrada\/\",\"url\":\"https:\/\/yourplastics.es\/ca\/producto\/paperera-modular-cuadrada\/\",\"name\":\"PAPERERA MODULAR CUADRADA - Yourplastics.es\",\"isPartOf\":{\"@id\":\"https:\/\/yourplastics.es\/#website\"},\"primaryImageOfPage\":{\"@id\":\"https:\/\/yourplastics.es\/ca\/producto\/paperera-modular-cuadrada\/#primaryimage\"},\"image\":{\"@id\":\"https:\/\/yourplastics.es\/ca\/producto\/paperera-modular-cuadrada\/#primaryimage\"},\"thumbnailUrl\":\"https:\/\/yourplastics.es\/wp-content\/uploads\/2024\/03\/3.jpg\",\"datePublished\":\"2024-03-04T09:29:41+00:00\",\"dateModified\":\"2024-03-04T09:29:41+00:00\",\"breadcrumb\":{\"@id\":\"https:\/\/yourplastics.es\/ca\/producto\/paperera-modular-cuadrada\/#breadcrumb\"},\"inLanguage\":\"ca\",\"potentialAction\":[{\"@type\":\"ReadAction\",\"target\":[\"https:\/\/yourplastics.es\/ca\/producto\/paperera-modular-cuadrada\/\"]}]},{\"@type\":\"ImageObject\",\"inLanguage\":\"ca\",\"@id\":\"https:\/\/yourplastics.es\/ca\/producto\/paperera-modular-cuadrada\/#primaryimage\",\"url\":\"https:\/\/yourplastics.es\/wp-content\/uploads\/2024\/03\/3.jpg\",\"contentUrl\":\"https:\/\/yourplastics.es\/wp-content\/uploads\/2024\/03\/3.jpg\",\"width\":943,\"height\":849},{\"@type\":\"BreadcrumbList\",\"@id\":\"https:\/\/yourplastics.es\/ca\/producto\/paperera-modular-cuadrada\/#breadcrumb\",\"itemListElement\":[{\"@type\":\"ListItem\",\"position\":1,\"name\":\"Home\",\"item\":\"https:\/\/yourplastics.es\/ca\/\"},{\"@type\":\"ListItem\",\"position\":2,\"name\":\"Botiga\",\"item\":\"https:\/\/yourplastics.es\/ca\/tienda-2\/\"},{\"@type\":\"ListItem\",\"position\":3,\"name\":\"PAPERERA MODULAR CUADRADA\"}]},{\"@type\":\"WebSite\",\"@id\":\"https:\/\/yourplastics.es\/#website\",\"url\":\"https:\/\/yourplastics.es\/\",\"name\":\"Yourplastics\",\"description\":\"\",\"publisher\":{\"@id\":\"https:\/\/yourplastics.es\/#organization\"},\"potentialAction\":[{\"@type\":\"SearchAction\",\"target\":{\"@type\":\"EntryPoint\",\"urlTemplate\":\"https:\/\/yourplastics.es\/?s={search_term_string}\"},\"query-input\":\"required name=search_term_string\"}],\"inLanguage\":\"ca\"},{\"@type\":\"Organization\",\"@id\":\"https:\/\/yourplastics.es\/#organization\",\"name\":\"Yourplastics\",\"url\":\"https:\/\/yourplastics.es\/\",\"logo\":{\"@type\":\"ImageObject\",\"inLanguage\":\"ca\",\"@id\":\"https:\/\/yourplastics.es\/#\/schema\/logo\/image\/\",\"url\":\"https:\/\/yourplastics.es\/wp-content\/uploads\/2024\/08\/logo2-400x163-1.png\",\"contentUrl\":\"https:\/\/yourplastics.es\/wp-content\/uploads\/2024\/08\/logo2-400x163-1.png\",\"width\":400,\"height\":163,\"caption\":\"Yourplastics\"},\"image\":{\"@id\":\"https:\/\/yourplastics.es\/#\/schema\/logo\/image\/\"}}]}<\/script>\n<!-- \/ Yoast SEO plugin. -->","yoast_head_json":{"title":"PAPERERA MODULAR CUADRADA - Yourplastics.es","robots":{"index":"index","follow":"follow","max-snippet":"max-snippet:-1","max-image-preview":"max-image-preview:large","max-video-preview":"max-video-preview:-1"},"canonical":"https:\/\/yourplastics.es\/ca\/producto\/paperera-modular-cuadrada\/","og_locale":"ca_ES","og_type":"article","og_title":"PAPERERA MODULAR CUADRADA - Yourplastics.es","og_description":"L\u00ednea moderna i resistent.  M\u00f2dul amb diversos compartiments per allotjar contenidors.  Cada departament est\u00e0 identificat amb el color pertanyent al tipus de residu i alhora incorpora una tapa que prev\u00e9 la propagaci\u00f3 de les males olors.","og_url":"https:\/\/yourplastics.es\/ca\/producto\/paperera-modular-cuadrada\/","og_site_name":"Yourplastics.es","og_image":[{"width":943,"height":849,"url":"https:\/\/yourplastics.es\/wp-content\/uploads\/2024\/03\/3.jpg","type":"image\/jpeg"}],"twitter_card":"summary_large_image","schema":{"@context":"https:\/\/schema.org","@graph":[{"@type":"WebPage","@id":"https:\/\/yourplastics.es\/ca\/producto\/paperera-modular-cuadrada\/","url":"https:\/\/yourplastics.es\/ca\/producto\/paperera-modular-cuadrada\/","name":"PAPERERA MODULAR CUADRADA - Yourplastics.es","isPartOf":{"@id":"https:\/\/yourplastics.es\/#website"},"primaryImageOfPage":{"@id":"https:\/\/yourplastics.es\/ca\/producto\/paperera-modular-cuadrada\/#primaryimage"},"image":{"@id":"https:\/\/yourplastics.es\/ca\/producto\/paperera-modular-cuadrada\/#primaryimage"},"thumbnailUrl":"https:\/\/yourplastics.es\/wp-content\/uploads\/2024\/03\/3.jpg","datePublished":"2024-03-04T09:29:41+00:00","dateModified":"2024-03-04T09:29:41+00:00","breadcrumb":{"@id":"https:\/\/yourplastics.es\/ca\/producto\/paperera-modular-cuadrada\/#breadcrumb"},"inLanguage":"ca","potentialAction":[{"@type":"ReadAction","target":["https:\/\/yourplastics.es\/ca\/producto\/paperera-modular-cuadrada\/"]}]},{"@type":"ImageObject","inLanguage":"ca","@id":"https:\/\/yourplastics.es\/ca\/producto\/paperera-modular-cuadrada\/#primaryimage","url":"https:\/\/yourplastics.es\/wp-content\/uploads\/2024\/03\/3.jpg","contentUrl":"https:\/\/yourplastics.es\/wp-content\/uploads\/2024\/03\/3.jpg","width":943,"height":849},{"@type":"BreadcrumbList","@id":"https:\/\/yourplastics.es\/ca\/producto\/paperera-modular-cuadrada\/#breadcrumb","itemListElement":[{"@type":"ListItem","position":1,"name":"Home","item":"https:\/\/yourplastics.es\/ca\/"},{"@type":"ListItem","position":2,"name":"Botiga","item":"https:\/\/yourplastics.es\/ca\/tienda-2\/"},{"@type":"ListItem","position":3,"name":"PAPERERA MODULAR CUADRADA"}]},{"@type":"WebSite","@id":"https:\/\/yourplastics.es\/#website","url":"https:\/\/yourplastics.es\/","name":"Yourplastics","description":"","publisher":{"@id":"https:\/\/yourplastics.es\/#organization"},"potentialAction":[{"@type":"SearchAction","target":{"@type":"EntryPoint","urlTemplate":"https:\/\/yourplastics.es\/?s={search_term_string}"},"query-input":"required name=search_term_string"}],"inLanguage":"ca"},{"@type":"Organization","@id":"https:\/\/yourplastics.es\/#organization","name":"Yourplastics","url":"https:\/\/yourplastics.es\/","logo":{"@type":"ImageObject","inLanguage":"ca","@id":"https:\/\/yourplastics.es\/#\/schema\/logo\/image\/","url":"https:\/\/yourplastics.es\/wp-content\/uploads\/2024\/08\/logo2-400x163-1.png","contentUrl":"https:\/\/yourplastics.es\/wp-content\/uploads\/2024\/08\/logo2-400x163-1.png","width":400,"height":163,"caption":"Yourplastics"},"image":{"@id":"https:\/\/yourplastics.es\/#\/schema\/logo\/image\/"}}]}},"_links":{"self":[{"href":"https:\/\/yourplastics.es\/ca\/wp-json\/wp\/v2\/product\/6145","targetHints":{"allow":["GET"]}}],"collection":[{"href":"https:\/\/yourplastics.es\/ca\/wp-json\/wp\/v2\/product"}],"about":[{"href":"https:\/\/yourplastics.es\/ca\/wp-json\/wp\/v2\/types\/product"}],"replies":[{"embeddable":true,"href":"https:\/\/yourplastics.es\/ca\/wp-json\/wp\/v2\/comments?post=6145"}],"wp:featuredmedia":[{"embeddable":true,"href":"https:\/\/yourplastics.es\/ca\/wp-json\/wp\/v2\/media\/5979"}],"wp:attachment":[{"href":"https:\/\/yourplastics.es\/ca\/wp-json\/wp\/v2\/media?parent=6145"}],"wp:term":[{"taxonomy":"product_cat","embeddable":true,"href":"https:\/\/yourplastics.es\/ca\/wp-json\/wp\/v2\/product_cat?post=6145"},{"taxonomy":"product_tag","embeddable":true,"href":"https:\/\/yourplastics.es\/ca\/wp-json\/wp\/v2\/product_tag?post=6145"}],"curies":[{"name":"wp","href":"https:\/\/api.w.org\/{rel}","templated":true}]}}