{"id":6498,"date":"2024-03-11T09:39:34","date_gmt":"2024-03-11T09:39:34","guid":{"rendered":"https:\/\/yourplastics.es\/politica-de-cookies\/"},"modified":"2024-03-20T15:52:34","modified_gmt":"2024-03-20T15:52:34","slug":"politica-de-cookies","status":"publish","type":"page","link":"https:\/\/yourplastics.es\/ca\/politica-de-cookies\/","title":{"rendered":"Pol\u00edtica de Cookies"},"content":{"rendered":"<h1 data-fontsize=\"34\" data-lineheight=\"47\"><strong>POL\u00cdTICA DE COOKIES<\/strong><\/h1>\n<p>Aquesta p\u00e0gina web utilitza cookies per a millorar l\u2019experi\u00e8ncia de l\u2019usuari. A continuaci\u00f3, trobar\u00e0 informaci\u00f3 sobre que s\u00f3n les cookies, quin tipus de cookies utilitza aquesta p\u00e0gina, com pot desactivar les cookies en el seu navegador i com desactivar espec\u00edficament la instal\u00b7laci\u00f3 de cookies de tercers. Si no troba la informaci\u00f3 espec\u00edfica que est\u00e0 buscant, si us plau envi\u00ef un correu a sisco@yourplastics.es.<\/p>\n<h3 data-fontsize=\"20\" data-lineheight=\"29\"><strong>Qu\u00e8 s\u00f3n les cookies?<\/strong><\/h3>\n<p>Les cookies s\u00f3n \u00fatils per diversos motius. Des d\u2019un punt de vista t\u00e8cnic, permeten que les p\u00e0gines web funcionin de forma m\u00e9s \u00e0gil i adaptada a les seves prefer\u00e8ncies, com per exemple emmagatzemar el seu idioma o la moneda del seu pa\u00eds. A m\u00e9s, ajuden als responsables dels llocs web a millorar els serveis que ofereixen, gr\u00e0cies a la informaci\u00f3 estad\u00edstica que recullen a trav\u00e9s d\u2019elles i serveixen per fer m\u00e9s eficient la publicitat que li podem mostrar.<\/p>\n<h3 data-fontsize=\"20\" data-lineheight=\"29\"><strong>Quin \u00fas li donem als diferents tipus de cookies?<\/strong><\/h3>\n<p><strong>Cookies de sessi\u00f3:<\/strong><\/p>\n<p>Les cookies de sessi\u00f3 s\u00f3n aquelles que duren el temps que l\u2019usuari est\u00e0 navegant per la p\u00e0gina web i s\u2019esborren al finalitzar.<\/p>\n<p><strong>Cookies persistents:<\/strong><\/p>\n<p>Aquestes cookies queden emmagatzemades al terminal de l\u2019usuari, per un temps m\u00e9s llarg, facilitant aix\u00ed el control de les prefer\u00e8ncies escollides sense haver de repetir certs par\u00e0metres cada vegada que es visiti el lloc web.<\/p>\n<p><strong>Cookies pr\u00f2pies:<\/strong><\/p>\n<p>S\u00f3n cookies creades pel lloc web i que nom\u00e9s pot llegir la pr\u00f2pia p\u00e0gina. Per exemple: cookies t\u00e8cniques per la c\u00e0rrega d\u2019imatges, cookies de personalitzaci\u00f3 de par\u00e0metres de la web, cookies d\u2019an\u00e0lisis de tr\u00e0fic, etc.<\/p>\n<p><strong>Cookies de tercers:<\/strong><\/p>\n<p>S\u00f3n cookies creades per tercers i que utilitzem per diferents serveis (per ex. An\u00e0lisis del lloc web o publicitat).Segons la seva finalitat:<\/p>\n<p><strong>Cookies t\u00e8cniques:<\/strong><\/p>\n<p>Les cookies t\u00e8cniques s\u00f3n aquelles imprescindibles i estrictament necess\u00e0ries per al correcte funcionament d\u2019un portal web i la utilitzaci\u00f3 de les diferents opcions i serveis que ofereix. Per exemple, les que serveixen per al manteniment de la sessi\u00f3, la gesti\u00f3 del temps de resposta, rendiment o validaci\u00f3 d\u2019opcions, utilitzar elements de seguretat, compartir contingut en xarxes socials, etc.<\/p>\n<p><strong>Cookies de personalitzaci\u00f3:<\/strong><\/p>\n<p>Aquestes cookies permeten a l\u2019usuari especificar o personalitzar algunes caracter\u00edstiques de les opcions generals de la p\u00e0gina web, per exemple, definir l\u2019idioma, configuraci\u00f3 regional o tipus de navegador.<\/p>\n<p><strong>Cookies anal\u00edtiques:<\/strong><\/p>\n<p>Les cookies anal\u00edtiques s\u00f3n les utilitzades pel nostre portal web, per elaborar perfils de navegaci\u00f3 i poder con\u00e8ixer les prefer\u00e8ncies dels usuaris del mateix per tal de millorar l\u2019oferta de productes i serveis. Per exemple, mitjan\u00e7ant una cookie anal\u00edtica es controlarien les \u00e0rees geogr\u00e0fiques de major inter\u00e8s d\u2019un usuari, quin \u00e9s el producte de m\u00e9s acceptaci\u00f3, etc.<\/p>\n<p><strong>Cookies publicit\u00e0ries:<\/strong><\/p>\n<p>Les cookies publicit\u00e0ries permeten la gesti\u00f3 dels espais publicitaris en base a criteris concrets. Per exemple la freq\u00fc\u00e8ncia d\u2019acc\u00e9s, el contingut editat, etc.Les cookies de publicitat permeten a trav\u00e9s de la gesti\u00f3 de la publicitat emmagatzemar informaci\u00f3 del comportament a trav\u00e9s de l\u2019observaci\u00f3 d\u2019h\u00e0bits, estudiant els accessos i formant un perfil de prefer\u00e8ncies de l\u2019usuari, per oferir publicitat relacionada amb els interessos del seu perfil.<\/p>\n","protected":false},"excerpt":{"rendered":"<p>POL\u00cdTICA DE COOKIES Aquesta p\u00e0gina web utilitza cookies per a [&hellip;]<\/p>\n","protected":false},"author":1,"featured_media":0,"parent":0,"menu_order":0,"comment_status":"closed","ping_status":"closed","template":"100-width.php","meta":{"footnotes":""},"class_list":["post-6498","page","type-page","status-publish","hentry"],"yoast_head":"<!-- This site is optimized with the Yoast SEO plugin v23.2 - https:\/\/yoast.com\/wordpress\/plugins\/seo\/ -->\n<title>Pol\u00edtica de Cookies - Yourplastics.es<\/title>\n<meta name=\"robots\" content=\"index, follow, max-snippet:-1, max-image-preview:large, max-video-preview:-1\" \/>\n<link rel=\"canonical\" href=\"https:\/\/yourplastics.es\/ca\/politica-de-cookies\/\" \/>\n<meta property=\"og:locale\" content=\"ca_ES\" \/>\n<meta property=\"og:type\" content=\"article\" \/>\n<meta property=\"og:title\" content=\"Pol\u00edtica de Cookies - Yourplastics.es\" \/>\n<meta property=\"og:description\" content=\"POL\u00cdTICA DE COOKIES Aquesta p\u00e0gina web utilitza cookies per a [&hellip;]\" \/>\n<meta property=\"og:url\" content=\"https:\/\/yourplastics.es\/ca\/politica-de-cookies\/\" \/>\n<meta property=\"og:site_name\" content=\"Yourplastics.es\" \/>\n<meta property=\"article:modified_time\" content=\"2024-03-20T15:52:34+00:00\" \/>\n<meta name=\"twitter:card\" content=\"summary_large_image\" \/>\n<meta name=\"twitter:label1\" content=\"Temps estimat de lectura\" \/>\n\t<meta name=\"twitter:data1\" content=\"3 minuts\" \/>\n<script type=\"application\/ld+json\" class=\"yoast-schema-graph\">{\"@context\":\"https:\/\/schema.org\",\"@graph\":[{\"@type\":\"WebPage\",\"@id\":\"https:\/\/yourplastics.es\/ca\/politica-de-cookies\/\",\"url\":\"https:\/\/yourplastics.es\/ca\/politica-de-cookies\/\",\"name\":\"Pol\u00edtica de Cookies - Yourplastics.es\",\"isPartOf\":{\"@id\":\"https:\/\/yourplastics.es\/#website\"},\"datePublished\":\"2024-03-11T09:39:34+00:00\",\"dateModified\":\"2024-03-20T15:52:34+00:00\",\"breadcrumb\":{\"@id\":\"https:\/\/yourplastics.es\/ca\/politica-de-cookies\/#breadcrumb\"},\"inLanguage\":\"ca\",\"potentialAction\":[{\"@type\":\"ReadAction\",\"target\":[\"https:\/\/yourplastics.es\/ca\/politica-de-cookies\/\"]}]},{\"@type\":\"BreadcrumbList\",\"@id\":\"https:\/\/yourplastics.es\/ca\/politica-de-cookies\/#breadcrumb\",\"itemListElement\":[{\"@type\":\"ListItem\",\"position\":1,\"name\":\"Home\",\"item\":\"https:\/\/yourplastics.es\/ca\/\"},{\"@type\":\"ListItem\",\"position\":2,\"name\":\"Pol\u00edtica de Cookies\"}]},{\"@type\":\"WebSite\",\"@id\":\"https:\/\/yourplastics.es\/#website\",\"url\":\"https:\/\/yourplastics.es\/\",\"name\":\"Yourplastics\",\"description\":\"\",\"publisher\":{\"@id\":\"https:\/\/yourplastics.es\/#organization\"},\"potentialAction\":[{\"@type\":\"SearchAction\",\"target\":{\"@type\":\"EntryPoint\",\"urlTemplate\":\"https:\/\/yourplastics.es\/?s={search_term_string}\"},\"query-input\":\"required name=search_term_string\"}],\"inLanguage\":\"ca\"},{\"@type\":\"Organization\",\"@id\":\"https:\/\/yourplastics.es\/#organization\",\"name\":\"Yourplastics\",\"url\":\"https:\/\/yourplastics.es\/\",\"logo\":{\"@type\":\"ImageObject\",\"inLanguage\":\"ca\",\"@id\":\"https:\/\/yourplastics.es\/#\/schema\/logo\/image\/\",\"url\":\"https:\/\/yourplastics.es\/wp-content\/uploads\/2024\/08\/logo2-400x163-1.png\",\"contentUrl\":\"https:\/\/yourplastics.es\/wp-content\/uploads\/2024\/08\/logo2-400x163-1.png\",\"width\":400,\"height\":163,\"caption\":\"Yourplastics\"},\"image\":{\"@id\":\"https:\/\/yourplastics.es\/#\/schema\/logo\/image\/\"}}]}<\/script>\n<!-- \/ Yoast SEO plugin. -->","yoast_head_json":{"title":"Pol\u00edtica de Cookies - Yourplastics.es","robots":{"index":"index","follow":"follow","max-snippet":"max-snippet:-1","max-image-preview":"max-image-preview:large","max-video-preview":"max-video-preview:-1"},"canonical":"https:\/\/yourplastics.es\/ca\/politica-de-cookies\/","og_locale":"ca_ES","og_type":"article","og_title":"Pol\u00edtica de Cookies - Yourplastics.es","og_description":"POL\u00cdTICA DE COOKIES Aquesta p\u00e0gina web utilitza cookies per a [&hellip;]","og_url":"https:\/\/yourplastics.es\/ca\/politica-de-cookies\/","og_site_name":"Yourplastics.es","article_modified_time":"2024-03-20T15:52:34+00:00","twitter_card":"summary_large_image","twitter_misc":{"Temps estimat de lectura":"3 minuts"},"schema":{"@context":"https:\/\/schema.org","@graph":[{"@type":"WebPage","@id":"https:\/\/yourplastics.es\/ca\/politica-de-cookies\/","url":"https:\/\/yourplastics.es\/ca\/politica-de-cookies\/","name":"Pol\u00edtica de Cookies - Yourplastics.es","isPartOf":{"@id":"https:\/\/yourplastics.es\/#website"},"datePublished":"2024-03-11T09:39:34+00:00","dateModified":"2024-03-20T15:52:34+00:00","breadcrumb":{"@id":"https:\/\/yourplastics.es\/ca\/politica-de-cookies\/#breadcrumb"},"inLanguage":"ca","potentialAction":[{"@type":"ReadAction","target":["https:\/\/yourplastics.es\/ca\/politica-de-cookies\/"]}]},{"@type":"BreadcrumbList","@id":"https:\/\/yourplastics.es\/ca\/politica-de-cookies\/#breadcrumb","itemListElement":[{"@type":"ListItem","position":1,"name":"Home","item":"https:\/\/yourplastics.es\/ca\/"},{"@type":"ListItem","position":2,"name":"Pol\u00edtica de Cookies"}]},{"@type":"WebSite","@id":"https:\/\/yourplastics.es\/#website","url":"https:\/\/yourplastics.es\/","name":"Yourplastics","description":"","publisher":{"@id":"https:\/\/yourplastics.es\/#organization"},"potentialAction":[{"@type":"SearchAction","target":{"@type":"EntryPoint","urlTemplate":"https:\/\/yourplastics.es\/?s={search_term_string}"},"query-input":"required name=search_term_string"}],"inLanguage":"ca"},{"@type":"Organization","@id":"https:\/\/yourplastics.es\/#organization","name":"Yourplastics","url":"https:\/\/yourplastics.es\/","logo":{"@type":"ImageObject","inLanguage":"ca","@id":"https:\/\/yourplastics.es\/#\/schema\/logo\/image\/","url":"https:\/\/yourplastics.es\/wp-content\/uploads\/2024\/08\/logo2-400x163-1.png","contentUrl":"https:\/\/yourplastics.es\/wp-content\/uploads\/2024\/08\/logo2-400x163-1.png","width":400,"height":163,"caption":"Yourplastics"},"image":{"@id":"https:\/\/yourplastics.es\/#\/schema\/logo\/image\/"}}]}},"_links":{"self":[{"href":"https:\/\/yourplastics.es\/ca\/wp-json\/wp\/v2\/pages\/6498","targetHints":{"allow":["GET"]}}],"collection":[{"href":"https:\/\/yourplastics.es\/ca\/wp-json\/wp\/v2\/pages"}],"about":[{"href":"https:\/\/yourplastics.es\/ca\/wp-json\/wp\/v2\/types\/page"}],"author":[{"embeddable":true,"href":"https:\/\/yourplastics.es\/ca\/wp-json\/wp\/v2\/users\/1"}],"replies":[{"embeddable":true,"href":"https:\/\/yourplastics.es\/ca\/wp-json\/wp\/v2\/comments?post=6498"}],"version-history":[{"count":1,"href":"https:\/\/yourplastics.es\/ca\/wp-json\/wp\/v2\/pages\/6498\/revisions"}],"predecessor-version":[{"id":6499,"href":"https:\/\/yourplastics.es\/ca\/wp-json\/wp\/v2\/pages\/6498\/revisions\/6499"}],"wp:attachment":[{"href":"https:\/\/yourplastics.es\/ca\/wp-json\/wp\/v2\/media?parent=6498"}],"curies":[{"name":"wp","href":"https:\/\/api.w.org\/{rel}","templated":true}]}}